{"id":920,"date":"2022-11-14T19:02:32","date_gmt":"2022-11-14T18:02:32","guid":{"rendered":"https:\/\/papenoo.fr\/?page_id=920"},"modified":"2022-12-10T20:04:31","modified_gmt":"2022-12-10T19:04:31","slug":"pourquoi-choisir-un-meuble-de-tourisme","status":"publish","type":"page","link":"https:\/\/papenoo.fr\/?page_id=920","title":{"rendered":"Pourquoi choisir un meubl\u00e9 de tourisme ?"},"content":{"rendered":"\n<p>Choisissez les vacances qui vous ressemblent !<\/p>\n\n\n\n<p>Pour partager un moment convivial en couple, en famille ou entre amis.<br>A proximit\u00e9 du centre-ville, des restaurants et des lieux de festivit\u00e9s et \u00e0 deux pas de la mer .<\/p>\n\n\n\n<h2 class=\"wp-block-heading\" id=\"block-a71ad132-8594-4a82-b643-7b6044c50acf\">COMME A LA MAISON.<\/h2>\n\n\n\n<p id=\"block-c0c276ec-893c-44a7-be6e-4f710387d833\">Ce cottage vous permet de partager un moment convivial \u00e0 l\u2019occasion de vos vacances \u00e0 Barneville-Carteret. Cette location de vacances, totalement ind\u00e9pendante, am\u00e9nag\u00e9e, meubl\u00e9e et \u00e9quip\u00e9e de sorte \u00e0 vous sentir comme chez vous. Vous y trouverez cuisine, salon, salle \u00e0 manger, chambres\u2026<br>Situ\u00e9e \u00e0 Barneville plage, station baln\u00e9aire, vous pourrez b\u00e9n\u00e9ficier d\u2019un ext\u00e9rieur spacieux, avec terrasse et jardin, dans un environnement calme et authentique.<\/p>\n\n\n\n<h2 class=\"wp-block-heading\" id=\"block-463781ab-6553-4a6f-bb18-b4fbcc30fe58\">BARNEVILLE-CARTERET, STATION BALN\u00c9AIRE CLASS\u00c9E.<\/h2>\n\n\n\n<p>Au c\u0153ur de la c\u00f4te ouest de la presqu\u2019\u00eele du Cotentin, Barneville-Carteret reste une destination phare de Normandie. Cette station baln\u00e9aire class\u00e9e r\u00e9unit tous les ingr\u00e9dients de vacances r\u00e9ussies. De longues plages de sable fin d\u00e9voilant des kilom\u00e8tres de rochers (et crustac\u00e9s !) \u00e0 mar\u00e9e basse, de multiples activit\u00e9s nautiques, un sentier de promenade c\u00f4tier menant au Phare de Carteret o\u00f9 un panorama exceptionnel s\u2019offre \u00e0 vous . Une nature sauvage et pr\u00e9serv\u00e9e, des \u00e9tendues de plages \u00e0 perte de vue, et, au large, les \u00eeles Anglo-Normandes (Jersey, Guernesey et Sercq).<br>Vous pourrez rejoindre les \u00eeles en vedettedepuis le port de Carteret (n&rsquo;oubliez pas votre passeport). D\u00e9paysement garanti !<\/p>\n\n\n\n<h2 class=\"wp-block-heading\" id=\"block-101a774d-7eb7-46e3-b5a2-e127417aae30\">Choisir une location de vacances est plus \u00e9conomique.<\/h2>\n\n\n\n<p class=\"has-text-align-center\">L&rsquo;argument de taille, le co\u00fbt ! Il est vrai que lorsqu\u2019on loue une maison de vacances, il est facile de faire pas mal d\u2019<strong>\u00e9conomies<\/strong>&nbsp;sur notre s\u00e9jour. De plus, il y a souvent des offres interessantes avec des promotions qui peuvent vraiment vous aider \u00e0 faire baisser les co\u00fbts du s\u00e9jour. Par rapport \u00e0 l\u2019h\u00f4tel, vous aurez aussi la possibilit\u00e9 de faire vous m\u00eame les repas et donc de <strong>d\u00e9penser moins<\/strong>\u2026<\/p>\n\n\n\n<p class=\"has-text-align-center\">Enfin, c\u2019est aussi souvent une solution plus \u00e9conomique surtout si vous partez \u00e0 plusieurs ! <\/p>\n\n\n\n<h2 class=\"wp-block-heading\" id=\"block-8e37066b-0000-4537-8b11-90364e7b6888\">Le m\u00eame confort qu\u2019\u00e0 la maison.<\/h2>\n\n\n\n<p id=\"block-386a46f2-ef23-4c0a-a0f5-77b1fb9e1d54\">Un des gros avantages de la location de vacances c\u2019est le confort que cela procure. En effet, vous \u00eates comme chez vous, vous avez tout \u00e0 port\u00e9e de mains. Vous avez plus d\u2019espace qu\u2019une chambre d\u2019h\u00f4tel et la possibilit\u00e9 d\u2019avoir des \u00e9quipements quand vous partez en famille tr\u00e8s facilement. Il faut bien sur v\u00e9rifier tout l\u2019\u00e9quipement propos\u00e9 mais cela peut \u00eatre une solution tr\u00e8s confortable !<\/p>\n\n\n\n<h2 class=\"wp-block-heading\" id=\"block-3743313f-413f-4996-84fd-54567cc5f13b\">Plus de libert\u00e9<\/h2>\n\n\n\n<p id=\"block-c94855d1-3882-4bfe-a7e7-8a0e636808b4\">En plus du confort et du prix, la question de la libert\u00e9 et de l\u2019autonomie est pour moi un gros gros avantage ! Lorsque vous louez une maison ou un appartement, vous avez la possibilit\u00e9 d\u2019\u00eatre autonome, vous pouvez sortir quand bon vous semble, prendre les repas \u00e0 n\u2019importe quelle heure, sans le soucis des horaires\u2026. et il n\u2019y a pas d\u2019espaces communs \u00e0 partager avec des inconnus!<\/p>\n\n\n\n<p><\/p>\n\n\n\n<p><\/p>\n","protected":false},"excerpt":{"rendered":"<p>Choisissez les vacances qui vous ressemblent ! Pour partager un moment convivial en couple, en famille ou entre amis.A proximit\u00e9 du centre-ville, des restaurants et des lieux de festivit\u00e9s et \u00e0 deux pas de la mer . COMME A LA MAISON. Ce cottage vous permet de partager un moment convivial \u00e0 l\u2019occasion de vos vacances [&hellip;]<\/p>\n","protected":false},"author":1,"featured_media":1036,"parent":602,"menu_order":4,"comment_status":"closed","ping_status":"closed","template":"","meta":{"footnotes":""},"class_list":["post-920","page","type-page","status-publish","has-post-thumbnail","hentry"],"yoast_head":"<!-- This site is optimized with the Yoast SEO plugin v27.5 - https:\/\/yoast.com\/product\/yoast-seo-wordpress\/ -->\n<title>Pourquoi choisir un meubl\u00e9 de tourisme ? - Papenoo<\/title>\n<meta name=\"robots\" content=\"index, follow, max-snippet:-1, max-image-preview:large, max-video-preview:-1\" \/>\n<link rel=\"canonical\" href=\"https:\/\/papenoo.fr\/?page_id=920\" \/>\n<meta property=\"og:locale\" content=\"fr_FR\" \/>\n<meta property=\"og:type\" content=\"article\" \/>\n<meta property=\"og:title\" content=\"Pourquoi choisir un meubl\u00e9 de tourisme ? - Papenoo\" \/>\n<meta property=\"og:description\" content=\"Choisissez les vacances qui vous ressemblent ! Pour partager un moment convivial en couple, en famille ou entre amis.A proximit\u00e9 du centre-ville, des restaurants et des lieux de festivit\u00e9s et \u00e0 deux pas de la mer . COMME A LA MAISON. Ce cottage vous permet de partager un moment convivial \u00e0 l\u2019occasion de vos vacances [&hellip;]\" \/>\n<meta property=\"og:url\" content=\"https:\/\/papenoo.fr\/?page_id=920\" \/>\n<meta property=\"og:site_name\" content=\"Papenoo\" \/>\n<meta property=\"article:modified_time\" content=\"2022-12-10T19:04:31+00:00\" \/>\n<meta property=\"og:image\" content=\"https:\/\/papenoo.fr\/wp-content\/uploads\/2022\/12\/thumb_pourquoi.jpg\" \/>\n\t<meta property=\"og:image:width\" content=\"624\" \/>\n\t<meta property=\"og:image:height\" content=\"228\" \/>\n\t<meta property=\"og:image:type\" content=\"image\/jpeg\" \/>\n<meta name=\"twitter:card\" content=\"summary_large_image\" \/>\n<meta name=\"twitter:label1\" content=\"Dur\u00e9e de lecture estim\u00e9e\" \/>\n\t<meta name=\"twitter:data1\" content=\"3 minutes\" \/>\n<script type=\"application\/ld+json\" class=\"yoast-schema-graph\">{\"@context\":\"https:\\\/\\\/schema.org\",\"@graph\":[{\"@type\":\"WebPage\",\"@id\":\"https:\\\/\\\/papenoo.fr\\\/?page_id=920\",\"url\":\"https:\\\/\\\/papenoo.fr\\\/?page_id=920\",\"name\":\"Pourquoi choisir un meubl\u00e9 de tourisme ? - Papenoo\",\"isPartOf\":{\"@id\":\"https:\\\/\\\/papenoo.fr\\\/#website\"},\"primaryImageOfPage\":{\"@id\":\"https:\\\/\\\/papenoo.fr\\\/?page_id=920#primaryimage\"},\"image\":{\"@id\":\"https:\\\/\\\/papenoo.fr\\\/?page_id=920#primaryimage\"},\"thumbnailUrl\":\"https:\\\/\\\/papenoo.fr\\\/wp-content\\\/uploads\\\/2022\\\/12\\\/thumb_pourquoi.jpg\",\"datePublished\":\"2022-11-14T18:02:32+00:00\",\"dateModified\":\"2022-12-10T19:04:31+00:00\",\"breadcrumb\":{\"@id\":\"https:\\\/\\\/papenoo.fr\\\/?page_id=920#breadcrumb\"},\"inLanguage\":\"fr-FR\",\"potentialAction\":[{\"@type\":\"ReadAction\",\"target\":[\"https:\\\/\\\/papenoo.fr\\\/?page_id=920\"]}]},{\"@type\":\"ImageObject\",\"inLanguage\":\"fr-FR\",\"@id\":\"https:\\\/\\\/papenoo.fr\\\/?page_id=920#primaryimage\",\"url\":\"https:\\\/\\\/papenoo.fr\\\/wp-content\\\/uploads\\\/2022\\\/12\\\/thumb_pourquoi.jpg\",\"contentUrl\":\"https:\\\/\\\/papenoo.fr\\\/wp-content\\\/uploads\\\/2022\\\/12\\\/thumb_pourquoi.jpg\",\"width\":624,\"height\":228},{\"@type\":\"BreadcrumbList\",\"@id\":\"https:\\\/\\\/papenoo.fr\\\/?page_id=920#breadcrumb\",\"itemListElement\":[{\"@type\":\"ListItem\",\"position\":1,\"name\":\"Accueil\",\"item\":\"https:\\\/\\\/papenoo.fr\\\/\"},{\"@type\":\"ListItem\",\"position\":2,\"name\":\"Bienvenue dans votre maison de vacances \u00e0 Barneville-Carteret\",\"item\":\"https:\\\/\\\/papenoo.fr\\\/\"},{\"@type\":\"ListItem\",\"position\":3,\"name\":\"La maison\",\"item\":\"https:\\\/\\\/papenoo.fr\\\/?page_id=602\"},{\"@type\":\"ListItem\",\"position\":4,\"name\":\"Pourquoi choisir un meubl\u00e9 de tourisme ?\"}]},{\"@type\":\"WebSite\",\"@id\":\"https:\\\/\\\/papenoo.fr\\\/#website\",\"url\":\"https:\\\/\\\/papenoo.fr\\\/\",\"name\":\"Papenoo\",\"description\":\"A vous d&#039;imaginer vos vacances\",\"publisher\":{\"@id\":\"https:\\\/\\\/papenoo.fr\\\/#organization\"},\"potentialAction\":[{\"@type\":\"SearchAction\",\"target\":{\"@type\":\"EntryPoint\",\"urlTemplate\":\"https:\\\/\\\/papenoo.fr\\\/?s={search_term_string}\"},\"query-input\":{\"@type\":\"PropertyValueSpecification\",\"valueRequired\":true,\"valueName\":\"search_term_string\"}}],\"inLanguage\":\"fr-FR\"},{\"@type\":\"Organization\",\"@id\":\"https:\\\/\\\/papenoo.fr\\\/#organization\",\"name\":\"Papenoo\",\"url\":\"https:\\\/\\\/papenoo.fr\\\/\",\"logo\":{\"@type\":\"ImageObject\",\"inLanguage\":\"fr-FR\",\"@id\":\"https:\\\/\\\/papenoo.fr\\\/#\\\/schema\\\/logo\\\/image\\\/\",\"url\":\"https:\\\/\\\/papenoo.fr\\\/wp-content\\\/uploads\\\/2022\\\/11\\\/telecharger.png\",\"contentUrl\":\"https:\\\/\\\/papenoo.fr\\\/wp-content\\\/uploads\\\/2022\\\/11\\\/telecharger.png\",\"width\":225,\"height\":225,\"caption\":\"Papenoo\"},\"image\":{\"@id\":\"https:\\\/\\\/papenoo.fr\\\/#\\\/schema\\\/logo\\\/image\\\/\"}}]}<\/script>\n<!-- \/ Yoast SEO plugin. -->","yoast_head_json":{"title":"Pourquoi choisir un meubl\u00e9 de tourisme ? - Papenoo","robots":{"index":"index","follow":"follow","max-snippet":"max-snippet:-1","max-image-preview":"max-image-preview:large","max-video-preview":"max-video-preview:-1"},"canonical":"https:\/\/papenoo.fr\/?page_id=920","og_locale":"fr_FR","og_type":"article","og_title":"Pourquoi choisir un meubl\u00e9 de tourisme ? - Papenoo","og_description":"Choisissez les vacances qui vous ressemblent ! Pour partager un moment convivial en couple, en famille ou entre amis.A proximit\u00e9 du centre-ville, des restaurants et des lieux de festivit\u00e9s et \u00e0 deux pas de la mer . COMME A LA MAISON. Ce cottage vous permet de partager un moment convivial \u00e0 l\u2019occasion de vos vacances [&hellip;]","og_url":"https:\/\/papenoo.fr\/?page_id=920","og_site_name":"Papenoo","article_modified_time":"2022-12-10T19:04:31+00:00","og_image":[{"width":624,"height":228,"url":"https:\/\/papenoo.fr\/wp-content\/uploads\/2022\/12\/thumb_pourquoi.jpg","type":"image\/jpeg"}],"twitter_card":"summary_large_image","twitter_misc":{"Dur\u00e9e de lecture estim\u00e9e":"3 minutes"},"schema":{"@context":"https:\/\/schema.org","@graph":[{"@type":"WebPage","@id":"https:\/\/papenoo.fr\/?page_id=920","url":"https:\/\/papenoo.fr\/?page_id=920","name":"Pourquoi choisir un meubl\u00e9 de tourisme ? - Papenoo","isPartOf":{"@id":"https:\/\/papenoo.fr\/#website"},"primaryImageOfPage":{"@id":"https:\/\/papenoo.fr\/?page_id=920#primaryimage"},"image":{"@id":"https:\/\/papenoo.fr\/?page_id=920#primaryimage"},"thumbnailUrl":"https:\/\/papenoo.fr\/wp-content\/uploads\/2022\/12\/thumb_pourquoi.jpg","datePublished":"2022-11-14T18:02:32+00:00","dateModified":"2022-12-10T19:04:31+00:00","breadcrumb":{"@id":"https:\/\/papenoo.fr\/?page_id=920#breadcrumb"},"inLanguage":"fr-FR","potentialAction":[{"@type":"ReadAction","target":["https:\/\/papenoo.fr\/?page_id=920"]}]},{"@type":"ImageObject","inLanguage":"fr-FR","@id":"https:\/\/papenoo.fr\/?page_id=920#primaryimage","url":"https:\/\/papenoo.fr\/wp-content\/uploads\/2022\/12\/thumb_pourquoi.jpg","contentUrl":"https:\/\/papenoo.fr\/wp-content\/uploads\/2022\/12\/thumb_pourquoi.jpg","width":624,"height":228},{"@type":"BreadcrumbList","@id":"https:\/\/papenoo.fr\/?page_id=920#breadcrumb","itemListElement":[{"@type":"ListItem","position":1,"name":"Accueil","item":"https:\/\/papenoo.fr\/"},{"@type":"ListItem","position":2,"name":"Bienvenue dans votre maison de vacances \u00e0 Barneville-Carteret","item":"https:\/\/papenoo.fr\/"},{"@type":"ListItem","position":3,"name":"La maison","item":"https:\/\/papenoo.fr\/?page_id=602"},{"@type":"ListItem","position":4,"name":"Pourquoi choisir un meubl\u00e9 de tourisme ?"}]},{"@type":"WebSite","@id":"https:\/\/papenoo.fr\/#website","url":"https:\/\/papenoo.fr\/","name":"Papenoo","description":"A vous d&#039;imaginer vos vacances","publisher":{"@id":"https:\/\/papenoo.fr\/#organization"},"potentialAction":[{"@type":"SearchAction","target":{"@type":"EntryPoint","urlTemplate":"https:\/\/papenoo.fr\/?s={search_term_string}"},"query-input":{"@type":"PropertyValueSpecification","valueRequired":true,"valueName":"search_term_string"}}],"inLanguage":"fr-FR"},{"@type":"Organization","@id":"https:\/\/papenoo.fr\/#organization","name":"Papenoo","url":"https:\/\/papenoo.fr\/","logo":{"@type":"ImageObject","inLanguage":"fr-FR","@id":"https:\/\/papenoo.fr\/#\/schema\/logo\/image\/","url":"https:\/\/papenoo.fr\/wp-content\/uploads\/2022\/11\/telecharger.png","contentUrl":"https:\/\/papenoo.fr\/wp-content\/uploads\/2022\/11\/telecharger.png","width":225,"height":225,"caption":"Papenoo"},"image":{"@id":"https:\/\/papenoo.fr\/#\/schema\/logo\/image\/"}}]}},"_links":{"self":[{"href":"https:\/\/papenoo.fr\/index.php?rest_route=\/wp\/v2\/pages\/920","targetHints":{"allow":["GET"]}}],"collection":[{"href":"https:\/\/papenoo.fr\/index.php?rest_route=\/wp\/v2\/pages"}],"about":[{"href":"https:\/\/papenoo.fr\/index.php?rest_route=\/wp\/v2\/types\/page"}],"author":[{"embeddable":true,"href":"https:\/\/papenoo.fr\/index.php?rest_route=\/wp\/v2\/users\/1"}],"replies":[{"embeddable":true,"href":"https:\/\/papenoo.fr\/index.php?rest_route=%2Fwp%2Fv2%2Fcomments&post=920"}],"version-history":[{"count":6,"href":"https:\/\/papenoo.fr\/index.php?rest_route=\/wp\/v2\/pages\/920\/revisions"}],"predecessor-version":[{"id":1119,"href":"https:\/\/papenoo.fr\/index.php?rest_route=\/wp\/v2\/pages\/920\/revisions\/1119"}],"up":[{"embeddable":true,"href":"https:\/\/papenoo.fr\/index.php?rest_route=\/wp\/v2\/pages\/602"}],"wp:featuredmedia":[{"embeddable":true,"href":"https:\/\/papenoo.fr\/index.php?rest_route=\/wp\/v2\/media\/1036"}],"wp:attachment":[{"href":"https:\/\/papenoo.fr\/index.php?rest_route=%2Fwp%2Fv2%2Fmedia&parent=920"}],"curies":[{"name":"wp","href":"https:\/\/api.w.org\/{rel}","templated":true}]}}