{"id":622,"date":"2018-11-13T14:36:11","date_gmt":"2018-11-13T13:36:11","guid":{"rendered":"https:\/\/themes.getmotopress.com\/palmeria\/?page_id=123"},"modified":"2022-11-21T22:30:33","modified_gmt":"2022-11-21T21:30:33","slug":"gallery","status":"publish","type":"page","link":"https:\/\/papenoo.fr\/?page_id=622","title":{"rendered":"Barneville-Carteret"},"content":{"rendered":"\n<figure class=\"wp-block-embed is-type-video is-provider-youtube wp-block-embed-youtube wp-embed-aspect-16-9 wp-has-aspect-ratio\"><div class=\"wp-block-embed__wrapper\">\n<iframe loading=\"lazy\" title=\"Barneville Carteret - Belle, Captivante\" width=\"672\" height=\"378\" src=\"https:\/\/www.youtube.com\/embed\/9hMPH7DQDDc?feature=oembed\" frameborder=\"0\" allow=\"accelerometer; autoplay; clipboard-write; encrypted-media; gyroscope; picture-in-picture; web-share\" allowfullscreen><\/iframe>\n<\/div><\/figure>\n\n\n\n<p class=\"has-black-color has-text-color\" style=\"font-size:17px;font-style:normal;font-weight:600\">Au c\u0153ur de la c\u00f4te ouest de la presqu\u2019\u00eele du Cotentin,&nbsp;Barneville-Carteret&nbsp;reste une destination phare de Normandie. Cette station baln\u00e9aire class\u00e9e r\u00e9unit tous les ingr\u00e9dients de vacances r\u00e9ussies : de longues plages de sable fin d\u00e9voilant des kilom\u00e8tres de rochers (et crustac\u00e9s !) \u00e0 mar\u00e9e basse, de multiples activit\u00e9s nautiques, un sentier de promenade c\u00f4tier menant au&nbsp;Phare de Carteret. Ici, depuis le Cap de Carteret, un panorama exceptionnel s\u2019offre \u00e0 vous : une nature sauvage et pr\u00e9serv\u00e9e, des \u00e9tendues de plages \u00e0 perte de vue, et, au large, les \u00eeles Anglo-Normandes (Jersey, Guernesey et Sercq).<br>Vous pourrez rejoindre les \u00eeles en voilier ou en vedette depuis le port de Carteret. D\u00e9paysement garanti !<\/p>\n\n\n\n<div style=\"height:51px\" aria-hidden=\"true\" class=\"wp-block-spacer\"><\/div>\n\n\n\n<div class=\"wp-block-columns is-layout-flex wp-container-core-columns-is-layout-9d6595d7 wp-block-columns-is-layout-flex\">\n<div class=\"wp-block-column is-layout-flow wp-block-column-is-layout-flow\">\n<h2 class=\"alignwide has-text-align-center wp-block-heading\"><strong>Ecouter, voir, sentir, regarder, go\u00fbter !<\/strong><\/h2>\n\n\n<div class=\"wp-block-image\">\n<figure class=\"aligncenter size-full is-resized\"><img loading=\"lazy\" decoding=\"async\" src=\"https:\/\/papenoo.fr\/wp-content\/uploads\/2022\/11\/5181203.png\" alt=\"\" class=\"wp-image-1009\" width=\"143\" height=\"143\" srcset=\"https:\/\/papenoo.fr\/wp-content\/uploads\/2022\/11\/5181203.png 512w, https:\/\/papenoo.fr\/wp-content\/uploads\/2022\/11\/5181203-300x300.png 300w, https:\/\/papenoo.fr\/wp-content\/uploads\/2022\/11\/5181203-150x150.png 150w\" sizes=\"auto, (max-width: 143px) 100vw, 143px\" \/><\/figure>\n<\/div>\n\n<div class=\"wp-block-image\">\n<figure class=\"aligncenter size-full is-resized\"><a href=\"https:\/\/www.encotentin.fr\/barneville-carteret\/\" target=\"_blank\" rel=\"noreferrer noopener\"><img loading=\"lazy\" decoding=\"async\" src=\"https:\/\/papenoo.fr\/wp-content\/uploads\/2022\/11\/cotentin-unique.png\" alt=\"\" class=\"wp-image-1001\" width=\"192\" height=\"192\" srcset=\"https:\/\/papenoo.fr\/wp-content\/uploads\/2022\/11\/cotentin-unique.png 225w, https:\/\/papenoo.fr\/wp-content\/uploads\/2022\/11\/cotentin-unique-150x150.png 150w\" sizes=\"auto, (max-width: 192px) 100vw, 192px\" \/><\/a><figcaption class=\"wp-element-caption\"><strong>Office de tourisme du Cotentin<\/strong><\/figcaption><\/figure>\n<\/div><\/div>\n<\/div>\n\n\n\n<p><\/p>\n","protected":false},"excerpt":{"rendered":"<p>Au c\u0153ur de la c\u00f4te ouest de la presqu\u2019\u00eele du Cotentin,&nbsp;Barneville-Carteret&nbsp;reste une destination phare de Normandie. Cette station baln\u00e9aire class\u00e9e r\u00e9unit tous les ingr\u00e9dients de vacances r\u00e9ussies : de longues plages de sable fin d\u00e9voilant des kilom\u00e8tres de rochers (et crustac\u00e9s !) \u00e0 mar\u00e9e basse, de multiples activit\u00e9s nautiques, un sentier de promenade c\u00f4tier menant [&hellip;]<\/p>\n","protected":false},"author":1,"featured_media":956,"parent":42,"menu_order":6,"comment_status":"closed","ping_status":"closed","template":"","meta":{"footnotes":""},"class_list":["post-622","page","type-page","status-publish","has-post-thumbnail","hentry"],"yoast_head":"<!-- This site is optimized with the Yoast SEO plugin v27.5 - https:\/\/yoast.com\/product\/yoast-seo-wordpress\/ -->\n<title>Barneville-Carteret - Papenoo<\/title>\n<meta name=\"robots\" content=\"index, follow, max-snippet:-1, max-image-preview:large, max-video-preview:-1\" \/>\n<link rel=\"canonical\" href=\"https:\/\/papenoo.fr\/?page_id=622\" \/>\n<meta property=\"og:locale\" content=\"fr_FR\" \/>\n<meta property=\"og:type\" content=\"article\" \/>\n<meta property=\"og:title\" content=\"Barneville-Carteret - Papenoo\" \/>\n<meta property=\"og:description\" content=\"Au c\u0153ur de la c\u00f4te ouest de la presqu\u2019\u00eele du Cotentin,&nbsp;Barneville-Carteret&nbsp;reste une destination phare de Normandie. Cette station baln\u00e9aire class\u00e9e r\u00e9unit tous les ingr\u00e9dients de vacances r\u00e9ussies : de longues plages de sable fin d\u00e9voilant des kilom\u00e8tres de rochers (et crustac\u00e9s !) \u00e0 mar\u00e9e basse, de multiples activit\u00e9s nautiques, un sentier de promenade c\u00f4tier menant [&hellip;]\" \/>\n<meta property=\"og:url\" content=\"https:\/\/papenoo.fr\/?page_id=622\" \/>\n<meta property=\"og:site_name\" content=\"Papenoo\" \/>\n<meta property=\"article:modified_time\" content=\"2022-11-21T21:30:33+00:00\" \/>\n<meta property=\"og:image\" content=\"https:\/\/papenoo.fr\/wp-content\/uploads\/2022\/11\/des-pas-sur-le-sable.jpg\" \/>\n\t<meta property=\"og:image:width\" content=\"612\" \/>\n\t<meta property=\"og:image:height\" content=\"439\" \/>\n\t<meta property=\"og:image:type\" content=\"image\/jpeg\" \/>\n<meta name=\"twitter:card\" content=\"summary_large_image\" \/>\n<meta name=\"twitter:label1\" content=\"Dur\u00e9e de lecture estim\u00e9e\" \/>\n\t<meta name=\"twitter:data1\" content=\"1 minute\" \/>\n<script type=\"application\/ld+json\" class=\"yoast-schema-graph\">{\"@context\":\"https:\\\/\\\/schema.org\",\"@graph\":[{\"@type\":\"WebPage\",\"@id\":\"https:\\\/\\\/papenoo.fr\\\/?page_id=622\",\"url\":\"https:\\\/\\\/papenoo.fr\\\/?page_id=622\",\"name\":\"Barneville-Carteret - Papenoo\",\"isPartOf\":{\"@id\":\"https:\\\/\\\/papenoo.fr\\\/#website\"},\"primaryImageOfPage\":{\"@id\":\"https:\\\/\\\/papenoo.fr\\\/?page_id=622#primaryimage\"},\"image\":{\"@id\":\"https:\\\/\\\/papenoo.fr\\\/?page_id=622#primaryimage\"},\"thumbnailUrl\":\"https:\\\/\\\/papenoo.fr\\\/wp-content\\\/uploads\\\/2022\\\/11\\\/des-pas-sur-le-sable.jpg\",\"datePublished\":\"2018-11-13T13:36:11+00:00\",\"dateModified\":\"2022-11-21T21:30:33+00:00\",\"breadcrumb\":{\"@id\":\"https:\\\/\\\/papenoo.fr\\\/?page_id=622#breadcrumb\"},\"inLanguage\":\"fr-FR\",\"potentialAction\":[{\"@type\":\"ReadAction\",\"target\":[\"https:\\\/\\\/papenoo.fr\\\/?page_id=622\"]}]},{\"@type\":\"ImageObject\",\"inLanguage\":\"fr-FR\",\"@id\":\"https:\\\/\\\/papenoo.fr\\\/?page_id=622#primaryimage\",\"url\":\"https:\\\/\\\/papenoo.fr\\\/wp-content\\\/uploads\\\/2022\\\/11\\\/des-pas-sur-le-sable.jpg\",\"contentUrl\":\"https:\\\/\\\/papenoo.fr\\\/wp-content\\\/uploads\\\/2022\\\/11\\\/des-pas-sur-le-sable.jpg\",\"width\":612,\"height\":439,\"caption\":\"beach, wave and footprints at sunset time\"},{\"@type\":\"BreadcrumbList\",\"@id\":\"https:\\\/\\\/papenoo.fr\\\/?page_id=622#breadcrumb\",\"itemListElement\":[{\"@type\":\"ListItem\",\"position\":1,\"name\":\"Accueil\",\"item\":\"https:\\\/\\\/papenoo.fr\\\/\"},{\"@type\":\"ListItem\",\"position\":2,\"name\":\"Bienvenue dans votre maison de vacances \u00e0 Barneville-Carteret\",\"item\":\"https:\\\/\\\/papenoo.fr\\\/\"},{\"@type\":\"ListItem\",\"position\":3,\"name\":\"Barneville-Carteret\"}]},{\"@type\":\"WebSite\",\"@id\":\"https:\\\/\\\/papenoo.fr\\\/#website\",\"url\":\"https:\\\/\\\/papenoo.fr\\\/\",\"name\":\"Papenoo\",\"description\":\"A vous d&#039;imaginer vos vacances\",\"publisher\":{\"@id\":\"https:\\\/\\\/papenoo.fr\\\/#organization\"},\"potentialAction\":[{\"@type\":\"SearchAction\",\"target\":{\"@type\":\"EntryPoint\",\"urlTemplate\":\"https:\\\/\\\/papenoo.fr\\\/?s={search_term_string}\"},\"query-input\":{\"@type\":\"PropertyValueSpecification\",\"valueRequired\":true,\"valueName\":\"search_term_string\"}}],\"inLanguage\":\"fr-FR\"},{\"@type\":\"Organization\",\"@id\":\"https:\\\/\\\/papenoo.fr\\\/#organization\",\"name\":\"Papenoo\",\"url\":\"https:\\\/\\\/papenoo.fr\\\/\",\"logo\":{\"@type\":\"ImageObject\",\"inLanguage\":\"fr-FR\",\"@id\":\"https:\\\/\\\/papenoo.fr\\\/#\\\/schema\\\/logo\\\/image\\\/\",\"url\":\"https:\\\/\\\/papenoo.fr\\\/wp-content\\\/uploads\\\/2022\\\/11\\\/telecharger.png\",\"contentUrl\":\"https:\\\/\\\/papenoo.fr\\\/wp-content\\\/uploads\\\/2022\\\/11\\\/telecharger.png\",\"width\":225,\"height\":225,\"caption\":\"Papenoo\"},\"image\":{\"@id\":\"https:\\\/\\\/papenoo.fr\\\/#\\\/schema\\\/logo\\\/image\\\/\"}}]}<\/script>\n<!-- \/ Yoast SEO plugin. -->","yoast_head_json":{"title":"Barneville-Carteret - Papenoo","robots":{"index":"index","follow":"follow","max-snippet":"max-snippet:-1","max-image-preview":"max-image-preview:large","max-video-preview":"max-video-preview:-1"},"canonical":"https:\/\/papenoo.fr\/?page_id=622","og_locale":"fr_FR","og_type":"article","og_title":"Barneville-Carteret - Papenoo","og_description":"Au c\u0153ur de la c\u00f4te ouest de la presqu\u2019\u00eele du Cotentin,&nbsp;Barneville-Carteret&nbsp;reste une destination phare de Normandie. Cette station baln\u00e9aire class\u00e9e r\u00e9unit tous les ingr\u00e9dients de vacances r\u00e9ussies : de longues plages de sable fin d\u00e9voilant des kilom\u00e8tres de rochers (et crustac\u00e9s !) \u00e0 mar\u00e9e basse, de multiples activit\u00e9s nautiques, un sentier de promenade c\u00f4tier menant [&hellip;]","og_url":"https:\/\/papenoo.fr\/?page_id=622","og_site_name":"Papenoo","article_modified_time":"2022-11-21T21:30:33+00:00","og_image":[{"width":612,"height":439,"url":"https:\/\/papenoo.fr\/wp-content\/uploads\/2022\/11\/des-pas-sur-le-sable.jpg","type":"image\/jpeg"}],"twitter_card":"summary_large_image","twitter_misc":{"Dur\u00e9e de lecture estim\u00e9e":"1 minute"},"schema":{"@context":"https:\/\/schema.org","@graph":[{"@type":"WebPage","@id":"https:\/\/papenoo.fr\/?page_id=622","url":"https:\/\/papenoo.fr\/?page_id=622","name":"Barneville-Carteret - Papenoo","isPartOf":{"@id":"https:\/\/papenoo.fr\/#website"},"primaryImageOfPage":{"@id":"https:\/\/papenoo.fr\/?page_id=622#primaryimage"},"image":{"@id":"https:\/\/papenoo.fr\/?page_id=622#primaryimage"},"thumbnailUrl":"https:\/\/papenoo.fr\/wp-content\/uploads\/2022\/11\/des-pas-sur-le-sable.jpg","datePublished":"2018-11-13T13:36:11+00:00","dateModified":"2022-11-21T21:30:33+00:00","breadcrumb":{"@id":"https:\/\/papenoo.fr\/?page_id=622#breadcrumb"},"inLanguage":"fr-FR","potentialAction":[{"@type":"ReadAction","target":["https:\/\/papenoo.fr\/?page_id=622"]}]},{"@type":"ImageObject","inLanguage":"fr-FR","@id":"https:\/\/papenoo.fr\/?page_id=622#primaryimage","url":"https:\/\/papenoo.fr\/wp-content\/uploads\/2022\/11\/des-pas-sur-le-sable.jpg","contentUrl":"https:\/\/papenoo.fr\/wp-content\/uploads\/2022\/11\/des-pas-sur-le-sable.jpg","width":612,"height":439,"caption":"beach, wave and footprints at sunset time"},{"@type":"BreadcrumbList","@id":"https:\/\/papenoo.fr\/?page_id=622#breadcrumb","itemListElement":[{"@type":"ListItem","position":1,"name":"Accueil","item":"https:\/\/papenoo.fr\/"},{"@type":"ListItem","position":2,"name":"Bienvenue dans votre maison de vacances \u00e0 Barneville-Carteret","item":"https:\/\/papenoo.fr\/"},{"@type":"ListItem","position":3,"name":"Barneville-Carteret"}]},{"@type":"WebSite","@id":"https:\/\/papenoo.fr\/#website","url":"https:\/\/papenoo.fr\/","name":"Papenoo","description":"A vous d&#039;imaginer vos vacances","publisher":{"@id":"https:\/\/papenoo.fr\/#organization"},"potentialAction":[{"@type":"SearchAction","target":{"@type":"EntryPoint","urlTemplate":"https:\/\/papenoo.fr\/?s={search_term_string}"},"query-input":{"@type":"PropertyValueSpecification","valueRequired":true,"valueName":"search_term_string"}}],"inLanguage":"fr-FR"},{"@type":"Organization","@id":"https:\/\/papenoo.fr\/#organization","name":"Papenoo","url":"https:\/\/papenoo.fr\/","logo":{"@type":"ImageObject","inLanguage":"fr-FR","@id":"https:\/\/papenoo.fr\/#\/schema\/logo\/image\/","url":"https:\/\/papenoo.fr\/wp-content\/uploads\/2022\/11\/telecharger.png","contentUrl":"https:\/\/papenoo.fr\/wp-content\/uploads\/2022\/11\/telecharger.png","width":225,"height":225,"caption":"Papenoo"},"image":{"@id":"https:\/\/papenoo.fr\/#\/schema\/logo\/image\/"}}]}},"_links":{"self":[{"href":"https:\/\/papenoo.fr\/index.php?rest_route=\/wp\/v2\/pages\/622","targetHints":{"allow":["GET"]}}],"collection":[{"href":"https:\/\/papenoo.fr\/index.php?rest_route=\/wp\/v2\/pages"}],"about":[{"href":"https:\/\/papenoo.fr\/index.php?rest_route=\/wp\/v2\/types\/page"}],"author":[{"embeddable":true,"href":"https:\/\/papenoo.fr\/index.php?rest_route=\/wp\/v2\/users\/1"}],"replies":[{"embeddable":true,"href":"https:\/\/papenoo.fr\/index.php?rest_route=%2Fwp%2Fv2%2Fcomments&post=622"}],"version-history":[{"count":15,"href":"https:\/\/papenoo.fr\/index.php?rest_route=\/wp\/v2\/pages\/622\/revisions"}],"predecessor-version":[{"id":1010,"href":"https:\/\/papenoo.fr\/index.php?rest_route=\/wp\/v2\/pages\/622\/revisions\/1010"}],"up":[{"embeddable":true,"href":"https:\/\/papenoo.fr\/index.php?rest_route=\/wp\/v2\/pages\/42"}],"wp:featuredmedia":[{"embeddable":true,"href":"https:\/\/papenoo.fr\/index.php?rest_route=\/wp\/v2\/media\/956"}],"wp:attachment":[{"href":"https:\/\/papenoo.fr\/index.php?rest_route=%2Fwp%2Fv2%2Fmedia&parent=622"}],"curies":[{"name":"wp","href":"https:\/\/api.w.org\/{rel}","templated":true}]}}