{"id":616,"date":"2018-11-13T13:45:18","date_gmt":"2018-11-13T12:45:18","guid":{"rendered":"https:\/\/themes.getmotopress.com\/palmeria\/?page_id=48"},"modified":"2022-12-04T15:53:05","modified_gmt":"2022-12-04T14:53:05","slug":"a-propos-de-la-de-la-papenoo","status":"publish","type":"page","link":"https:\/\/papenoo.fr\/?page_id=616","title":{"rendered":"A propos de la de la Papenoo"},"content":{"rendered":"<p><meta name=\"description\" content=\"l'histoire et l'origine du nom Papenoo\"><\/p>\n\n\n<p>Papenoo ou Papeno\u02bbo est une des communes associ\u00e9es de la commune de Hitiaa O Te Ra, en Polyn\u00e9sie fran\u00e7aise. Elle est connue pour ses plages de sable noir, ses spots de surf et ses vall\u00e9es sauvages.&nbsp;<\/p>\n\n\n\n<p>C&rsquo;est aussi le nom d&rsquo;un bateau de la Marine Nationale qui ravitaillait les sites d&rsquo;\u00e9ssais nucl\u00e9aire de Mururoa et de Hao.<\/p>\n\n\n\n<figure class=\"wp-block-image size-full is-style-rounded\"><img loading=\"lazy\" decoding=\"async\" width=\"800\" height=\"571\" src=\"https:\/\/papenoo.fr\/wp-content\/uploads\/2022\/11\/10r-p_10.jpg\" alt=\"\" class=\"wp-image-665\" srcset=\"https:\/\/papenoo.fr\/wp-content\/uploads\/2022\/11\/10r-p_10.jpg 800w, https:\/\/papenoo.fr\/wp-content\/uploads\/2022\/11\/10r-p_10-300x214.jpg 300w, https:\/\/papenoo.fr\/wp-content\/uploads\/2022\/11\/10r-p_10-768x548.jpg 768w\" sizes=\"auto, (max-width: 800px) 100vw, 800px\" \/><\/figure>\n\n\n\n<figure class=\"wp-block-image size-full is-style-rounded\"><img loading=\"lazy\" decoding=\"async\" width=\"750\" height=\"498\" src=\"https:\/\/papenoo.fr\/wp-content\/uploads\/2022\/12\/photo09.jpg\" alt=\"\" class=\"wp-image-1028\" srcset=\"https:\/\/papenoo.fr\/wp-content\/uploads\/2022\/12\/photo09.jpg 750w, https:\/\/papenoo.fr\/wp-content\/uploads\/2022\/12\/photo09-300x199.jpg 300w, https:\/\/papenoo.fr\/wp-content\/uploads\/2022\/12\/photo09-150x100.jpg 150w\" sizes=\"auto, (max-width: 750px) 100vw, 750px\" \/><\/figure>\n","protected":false},"excerpt":{"rendered":"<p>Papenoo ou Papeno\u02bbo est une des communes associ\u00e9es de la commune de Hitiaa O Te Ra, en Polyn\u00e9sie fran\u00e7aise. Elle est connue pour ses plages de sable noir, ses spots de surf et ses vall\u00e9es sauvages.&nbsp; C&rsquo;est aussi le nom d&rsquo;un bateau de la Marine Nationale qui ravitaillait les sites d&rsquo;\u00e9ssais nucl\u00e9aire de Mururoa et [&hellip;]<\/p>\n","protected":false},"author":1,"featured_media":820,"parent":42,"menu_order":1,"comment_status":"closed","ping_status":"closed","template":"","meta":{"footnotes":""},"class_list":["post-616","page","type-page","status-publish","has-post-thumbnail","hentry"],"yoast_head":"<!-- This site is optimized with the Yoast SEO plugin v27.5 - https:\/\/yoast.com\/product\/yoast-seo-wordpress\/ -->\n<title>A propos de la de la Papenoo - Papenoo<\/title>\n<meta name=\"robots\" content=\"index, follow, max-snippet:-1, max-image-preview:large, max-video-preview:-1\" \/>\n<link rel=\"canonical\" href=\"https:\/\/papenoo.fr\/?page_id=616\" \/>\n<meta property=\"og:locale\" content=\"fr_FR\" \/>\n<meta property=\"og:type\" content=\"article\" \/>\n<meta property=\"og:title\" content=\"A propos de la de la Papenoo - Papenoo\" \/>\n<meta property=\"og:description\" content=\"Papenoo ou Papeno\u02bbo est une des communes associ\u00e9es de la commune de Hitiaa O Te Ra, en Polyn\u00e9sie fran\u00e7aise. Elle est connue pour ses plages de sable noir, ses spots de surf et ses vall\u00e9es sauvages.&nbsp; C&rsquo;est aussi le nom d&rsquo;un bateau de la Marine Nationale qui ravitaillait les sites d&rsquo;\u00e9ssais nucl\u00e9aire de Mururoa et [&hellip;]\" \/>\n<meta property=\"og:url\" content=\"https:\/\/papenoo.fr\/?page_id=616\" \/>\n<meta property=\"og:site_name\" content=\"Papenoo\" \/>\n<meta property=\"article:modified_time\" content=\"2022-12-04T14:53:05+00:00\" \/>\n<meta property=\"og:image\" content=\"https:\/\/papenoo.fr\/wp-content\/uploads\/2022\/11\/photo07.jpg\" \/>\n\t<meta property=\"og:image:width\" content=\"750\" \/>\n\t<meta property=\"og:image:height\" content=\"513\" \/>\n\t<meta property=\"og:image:type\" content=\"image\/jpeg\" \/>\n<meta name=\"twitter:card\" content=\"summary_large_image\" \/>\n<script type=\"application\/ld+json\" class=\"yoast-schema-graph\">{\"@context\":\"https:\\\/\\\/schema.org\",\"@graph\":[{\"@type\":\"WebPage\",\"@id\":\"https:\\\/\\\/papenoo.fr\\\/?page_id=616\",\"url\":\"https:\\\/\\\/papenoo.fr\\\/?page_id=616\",\"name\":\"A propos de la de la Papenoo - Papenoo\",\"isPartOf\":{\"@id\":\"https:\\\/\\\/papenoo.fr\\\/#website\"},\"primaryImageOfPage\":{\"@id\":\"https:\\\/\\\/papenoo.fr\\\/?page_id=616#primaryimage\"},\"image\":{\"@id\":\"https:\\\/\\\/papenoo.fr\\\/?page_id=616#primaryimage\"},\"thumbnailUrl\":\"https:\\\/\\\/papenoo.fr\\\/wp-content\\\/uploads\\\/2022\\\/11\\\/photo07.jpg\",\"datePublished\":\"2018-11-13T12:45:18+00:00\",\"dateModified\":\"2022-12-04T14:53:05+00:00\",\"breadcrumb\":{\"@id\":\"https:\\\/\\\/papenoo.fr\\\/?page_id=616#breadcrumb\"},\"inLanguage\":\"fr-FR\",\"potentialAction\":[{\"@type\":\"ReadAction\",\"target\":[\"https:\\\/\\\/papenoo.fr\\\/?page_id=616\"]}]},{\"@type\":\"ImageObject\",\"inLanguage\":\"fr-FR\",\"@id\":\"https:\\\/\\\/papenoo.fr\\\/?page_id=616#primaryimage\",\"url\":\"https:\\\/\\\/papenoo.fr\\\/wp-content\\\/uploads\\\/2022\\\/11\\\/photo07.jpg\",\"contentUrl\":\"https:\\\/\\\/papenoo.fr\\\/wp-content\\\/uploads\\\/2022\\\/11\\\/photo07.jpg\",\"width\":750,\"height\":513},{\"@type\":\"BreadcrumbList\",\"@id\":\"https:\\\/\\\/papenoo.fr\\\/?page_id=616#breadcrumb\",\"itemListElement\":[{\"@type\":\"ListItem\",\"position\":1,\"name\":\"Accueil\",\"item\":\"https:\\\/\\\/papenoo.fr\\\/\"},{\"@type\":\"ListItem\",\"position\":2,\"name\":\"Bienvenue dans votre maison de vacances \u00e0 Barneville-Carteret\",\"item\":\"https:\\\/\\\/papenoo.fr\\\/\"},{\"@type\":\"ListItem\",\"position\":3,\"name\":\"A propos de la de la Papenoo\"}]},{\"@type\":\"WebSite\",\"@id\":\"https:\\\/\\\/papenoo.fr\\\/#website\",\"url\":\"https:\\\/\\\/papenoo.fr\\\/\",\"name\":\"Papenoo\",\"description\":\"A vous d&#039;imaginer vos vacances\",\"publisher\":{\"@id\":\"https:\\\/\\\/papenoo.fr\\\/#organization\"},\"potentialAction\":[{\"@type\":\"SearchAction\",\"target\":{\"@type\":\"EntryPoint\",\"urlTemplate\":\"https:\\\/\\\/papenoo.fr\\\/?s={search_term_string}\"},\"query-input\":{\"@type\":\"PropertyValueSpecification\",\"valueRequired\":true,\"valueName\":\"search_term_string\"}}],\"inLanguage\":\"fr-FR\"},{\"@type\":\"Organization\",\"@id\":\"https:\\\/\\\/papenoo.fr\\\/#organization\",\"name\":\"Papenoo\",\"url\":\"https:\\\/\\\/papenoo.fr\\\/\",\"logo\":{\"@type\":\"ImageObject\",\"inLanguage\":\"fr-FR\",\"@id\":\"https:\\\/\\\/papenoo.fr\\\/#\\\/schema\\\/logo\\\/image\\\/\",\"url\":\"https:\\\/\\\/papenoo.fr\\\/wp-content\\\/uploads\\\/2022\\\/11\\\/telecharger.png\",\"contentUrl\":\"https:\\\/\\\/papenoo.fr\\\/wp-content\\\/uploads\\\/2022\\\/11\\\/telecharger.png\",\"width\":225,\"height\":225,\"caption\":\"Papenoo\"},\"image\":{\"@id\":\"https:\\\/\\\/papenoo.fr\\\/#\\\/schema\\\/logo\\\/image\\\/\"}}]}<\/script>\n<!-- \/ Yoast SEO plugin. -->","yoast_head_json":{"title":"A propos de la de la Papenoo - Papenoo","robots":{"index":"index","follow":"follow","max-snippet":"max-snippet:-1","max-image-preview":"max-image-preview:large","max-video-preview":"max-video-preview:-1"},"canonical":"https:\/\/papenoo.fr\/?page_id=616","og_locale":"fr_FR","og_type":"article","og_title":"A propos de la de la Papenoo - Papenoo","og_description":"Papenoo ou Papeno\u02bbo est une des communes associ\u00e9es de la commune de Hitiaa O Te Ra, en Polyn\u00e9sie fran\u00e7aise. Elle est connue pour ses plages de sable noir, ses spots de surf et ses vall\u00e9es sauvages.&nbsp; C&rsquo;est aussi le nom d&rsquo;un bateau de la Marine Nationale qui ravitaillait les sites d&rsquo;\u00e9ssais nucl\u00e9aire de Mururoa et [&hellip;]","og_url":"https:\/\/papenoo.fr\/?page_id=616","og_site_name":"Papenoo","article_modified_time":"2022-12-04T14:53:05+00:00","og_image":[{"width":750,"height":513,"url":"https:\/\/papenoo.fr\/wp-content\/uploads\/2022\/11\/photo07.jpg","type":"image\/jpeg"}],"twitter_card":"summary_large_image","schema":{"@context":"https:\/\/schema.org","@graph":[{"@type":"WebPage","@id":"https:\/\/papenoo.fr\/?page_id=616","url":"https:\/\/papenoo.fr\/?page_id=616","name":"A propos de la de la Papenoo - Papenoo","isPartOf":{"@id":"https:\/\/papenoo.fr\/#website"},"primaryImageOfPage":{"@id":"https:\/\/papenoo.fr\/?page_id=616#primaryimage"},"image":{"@id":"https:\/\/papenoo.fr\/?page_id=616#primaryimage"},"thumbnailUrl":"https:\/\/papenoo.fr\/wp-content\/uploads\/2022\/11\/photo07.jpg","datePublished":"2018-11-13T12:45:18+00:00","dateModified":"2022-12-04T14:53:05+00:00","breadcrumb":{"@id":"https:\/\/papenoo.fr\/?page_id=616#breadcrumb"},"inLanguage":"fr-FR","potentialAction":[{"@type":"ReadAction","target":["https:\/\/papenoo.fr\/?page_id=616"]}]},{"@type":"ImageObject","inLanguage":"fr-FR","@id":"https:\/\/papenoo.fr\/?page_id=616#primaryimage","url":"https:\/\/papenoo.fr\/wp-content\/uploads\/2022\/11\/photo07.jpg","contentUrl":"https:\/\/papenoo.fr\/wp-content\/uploads\/2022\/11\/photo07.jpg","width":750,"height":513},{"@type":"BreadcrumbList","@id":"https:\/\/papenoo.fr\/?page_id=616#breadcrumb","itemListElement":[{"@type":"ListItem","position":1,"name":"Accueil","item":"https:\/\/papenoo.fr\/"},{"@type":"ListItem","position":2,"name":"Bienvenue dans votre maison de vacances \u00e0 Barneville-Carteret","item":"https:\/\/papenoo.fr\/"},{"@type":"ListItem","position":3,"name":"A propos de la de la Papenoo"}]},{"@type":"WebSite","@id":"https:\/\/papenoo.fr\/#website","url":"https:\/\/papenoo.fr\/","name":"Papenoo","description":"A vous d&#039;imaginer vos vacances","publisher":{"@id":"https:\/\/papenoo.fr\/#organization"},"potentialAction":[{"@type":"SearchAction","target":{"@type":"EntryPoint","urlTemplate":"https:\/\/papenoo.fr\/?s={search_term_string}"},"query-input":{"@type":"PropertyValueSpecification","valueRequired":true,"valueName":"search_term_string"}}],"inLanguage":"fr-FR"},{"@type":"Organization","@id":"https:\/\/papenoo.fr\/#organization","name":"Papenoo","url":"https:\/\/papenoo.fr\/","logo":{"@type":"ImageObject","inLanguage":"fr-FR","@id":"https:\/\/papenoo.fr\/#\/schema\/logo\/image\/","url":"https:\/\/papenoo.fr\/wp-content\/uploads\/2022\/11\/telecharger.png","contentUrl":"https:\/\/papenoo.fr\/wp-content\/uploads\/2022\/11\/telecharger.png","width":225,"height":225,"caption":"Papenoo"},"image":{"@id":"https:\/\/papenoo.fr\/#\/schema\/logo\/image\/"}}]}},"_links":{"self":[{"href":"https:\/\/papenoo.fr\/index.php?rest_route=\/wp\/v2\/pages\/616","targetHints":{"allow":["GET"]}}],"collection":[{"href":"https:\/\/papenoo.fr\/index.php?rest_route=\/wp\/v2\/pages"}],"about":[{"href":"https:\/\/papenoo.fr\/index.php?rest_route=\/wp\/v2\/types\/page"}],"author":[{"embeddable":true,"href":"https:\/\/papenoo.fr\/index.php?rest_route=\/wp\/v2\/users\/1"}],"replies":[{"embeddable":true,"href":"https:\/\/papenoo.fr\/index.php?rest_route=%2Fwp%2Fv2%2Fcomments&post=616"}],"version-history":[{"count":10,"href":"https:\/\/papenoo.fr\/index.php?rest_route=\/wp\/v2\/pages\/616\/revisions"}],"predecessor-version":[{"id":1029,"href":"https:\/\/papenoo.fr\/index.php?rest_route=\/wp\/v2\/pages\/616\/revisions\/1029"}],"up":[{"embeddable":true,"href":"https:\/\/papenoo.fr\/index.php?rest_route=\/wp\/v2\/pages\/42"}],"wp:featuredmedia":[{"embeddable":true,"href":"https:\/\/papenoo.fr\/index.php?rest_route=\/wp\/v2\/media\/820"}],"wp:attachment":[{"href":"https:\/\/papenoo.fr\/index.php?rest_route=%2Fwp%2Fv2%2Fmedia&parent=616"}],"curies":[{"name":"wp","href":"https:\/\/api.w.org\/{rel}","templated":true}]}}