{"id":602,"date":"2018-11-13T11:12:41","date_gmt":"2018-11-13T10:12:41","guid":{"rendered":"https:\/\/themes.getmotopress.com\/palmeria\/accommodations\/"},"modified":"2022-12-10T20:03:30","modified_gmt":"2022-12-10T19:03:30","slug":"la-maison","status":"publish","type":"page","link":"https:\/\/papenoo.fr\/?page_id=602","title":{"rendered":"La maison"},"content":{"rendered":"\n<p class=\"has-black-color has-text-color has-medium-font-size\">Ce cottage vous permet de partager un moment convivial \u00e0 l\u2019occasion de vos vacances \u00e0 Barneville-Carteret. Cette location de vacances, totalement ind\u00e9pendante, am\u00e9nag\u00e9e, meubl\u00e9e et \u00e9quip\u00e9e de sorte \u00e0 vous sentir comme chez vous. Vous y trouverez cuisine, salon, salle \u00e0 manger, chambres\u2026<br>Situ\u00e9e \u00e0 Barneville plage, station baln\u00e9aire, vous pourrez b\u00e9n\u00e9ficier d\u2019un ext\u00e9rieur spacieux, avec terrasse et jardin, dans un environnement calme et authentique.<\/p>\n\n\n\n<div class=\"wp-block-columns has-black-color has-text-color has-medium-font-size is-layout-flex wp-container-core-columns-is-layout-9d6595d7 wp-block-columns-is-layout-flex\">\n<div class=\"wp-block-column is-layout-flow wp-block-column-is-layout-flow\">\n<figure class=\"wp-block-image size-large is-resized is-style-rounded\"><a href=\"https:\/\/papenoo.fr\/?page_id=325\" target=\"_blank\" rel=\"noreferrer noopener\"><img loading=\"lazy\" decoding=\"async\" src=\"https:\/\/papenoo.fr\/wp-content\/uploads\/2022\/11\/20220525_145445-768x1024.jpg\" alt=\"\" class=\"wp-image-826\" width=\"192\" height=\"256\" srcset=\"https:\/\/papenoo.fr\/wp-content\/uploads\/2022\/11\/20220525_145445-768x1024.jpg 768w, https:\/\/papenoo.fr\/wp-content\/uploads\/2022\/11\/20220525_145445-225x300.jpg 225w, https:\/\/papenoo.fr\/wp-content\/uploads\/2022\/11\/20220525_145445-1152x1536.jpg 1152w, https:\/\/papenoo.fr\/wp-content\/uploads\/2022\/11\/20220525_145445-1536x2048.jpg 1536w, https:\/\/papenoo.fr\/wp-content\/uploads\/2022\/11\/20220525_145445-892x1189.jpg 892w, https:\/\/papenoo.fr\/wp-content\/uploads\/2022\/11\/20220525_145445-scaled.jpg 1920w\" sizes=\"auto, (max-width: 192px) 100vw, 192px\" \/><\/a><figcaption class=\"wp-element-caption\"><strong><mark style=\"background-color:rgba(0, 0, 0, 0)\" class=\"has-inline-color has-black-color\">L&rsquo;ext\u00e9rieur<\/mark><\/strong><\/figcaption><\/figure>\n<\/div>\n\n\n\n<div class=\"wp-block-column is-layout-flow wp-block-column-is-layout-flow\">\n<figure class=\"wp-block-image size-large is-resized is-style-rounded\"><a href=\"https:\/\/papenoo.fr\/?page_id=152\" target=\"_blank\" rel=\"noreferrer noopener\"><img loading=\"lazy\" decoding=\"async\" src=\"https:\/\/papenoo.fr\/wp-content\/uploads\/2022\/11\/20221017_204008-1-768x1024.jpg\" alt=\"\" class=\"wp-image-250\" width=\"192\" height=\"256\" srcset=\"https:\/\/papenoo.fr\/wp-content\/uploads\/2022\/11\/20221017_204008-1-768x1024.jpg 768w, https:\/\/papenoo.fr\/wp-content\/uploads\/2022\/11\/20221017_204008-1-225x300.jpg 225w, https:\/\/papenoo.fr\/wp-content\/uploads\/2022\/11\/20221017_204008-1-1152x1536.jpg 1152w, https:\/\/papenoo.fr\/wp-content\/uploads\/2022\/11\/20221017_204008-1-1536x2048.jpg 1536w, https:\/\/papenoo.fr\/wp-content\/uploads\/2022\/11\/20221017_204008-1-676x901.jpg 676w, https:\/\/papenoo.fr\/wp-content\/uploads\/2022\/11\/20221017_204008-1-scaled.jpg 1920w\" sizes=\"auto, (max-width: 192px) 100vw, 192px\" \/><\/a><figcaption class=\"wp-element-caption\"><mark style=\"background-color:rgba(0, 0, 0, 0)\" class=\"has-inline-color has-black-color\"><strong>L&rsquo;int\u00e9rieur<\/strong><\/mark><\/figcaption><\/figure>\n<\/div>\n\n\n\n<div class=\"wp-block-column is-layout-flow wp-block-column-is-layout-flow\">\n<figure class=\"wp-block-image size-large is-resized is-style-rounded\"><a href=\"https:\/\/papenoo.fr\/?page_id=862\" target=\"_blank\" rel=\"noreferrer noopener\"><img loading=\"lazy\" decoding=\"async\" src=\"https:\/\/papenoo.fr\/wp-content\/uploads\/2022\/11\/20221020_131153-768x1024.jpg\" alt=\"\" class=\"wp-image-687\" width=\"192\" height=\"256\" srcset=\"https:\/\/papenoo.fr\/wp-content\/uploads\/2022\/11\/20221020_131153-768x1024.jpg 768w, https:\/\/papenoo.fr\/wp-content\/uploads\/2022\/11\/20221020_131153-225x300.jpg 225w, https:\/\/papenoo.fr\/wp-content\/uploads\/2022\/11\/20221020_131153-1152x1536.jpg 1152w, https:\/\/papenoo.fr\/wp-content\/uploads\/2022\/11\/20221020_131153-1536x2048.jpg 1536w, https:\/\/papenoo.fr\/wp-content\/uploads\/2022\/11\/20221020_131153-892x1189.jpg 892w, https:\/\/papenoo.fr\/wp-content\/uploads\/2022\/11\/20221020_131153-scaled.jpg 1920w\" sizes=\"auto, (max-width: 192px) 100vw, 192px\" \/><\/a><figcaption class=\"wp-element-caption\"><strong><mark style=\"background-color:rgba(0, 0, 0, 0)\" class=\"has-inline-color has-black-color\">Les \u00e9quipements<\/mark><\/strong><\/figcaption><\/figure>\n<\/div>\n<\/div>\n\n\n\n<div style=\"height:29px\" aria-hidden=\"true\" class=\"wp-block-spacer\"><\/div>\n\n\n\n<div class=\"wp-block-buttons is-content-justification-center is-layout-flex wp-container-core-buttons-is-layout-16018d1d wp-block-buttons-is-layout-flex\">\n<div class=\"wp-block-button alignright has-custom-width wp-block-button__width-25 has-custom-font-size is-style-fill\" style=\"font-size:12px\"><a class=\"wp-block-button__link has-vivid-cyan-blue-to-vivid-purple-gradient-background has-background wp-element-button\" href=\"https:\/\/papenoo.fr\/?page_id=920\" target=\"_blank\" rel=\"noreferrer noopener\">Pourquoi choisir un meubl\u00e9 de tourisme ?<\/a><\/div>\n<\/div>\n\n\n\n<p><\/p>\n","protected":false},"excerpt":{"rendered":"<p>Ce cottage vous permet de partager un moment convivial \u00e0 l\u2019occasion de vos vacances \u00e0 Barneville-Carteret. Cette location de vacances, totalement ind\u00e9pendante, am\u00e9nag\u00e9e, meubl\u00e9e et \u00e9quip\u00e9e de sorte \u00e0 vous sentir comme chez vous. Vous y trouverez cuisine, salon, salle \u00e0 manger, chambres\u2026<br \/>\nSitu\u00e9e \u00e0 Barneville plage, station baln\u00e9aire, vous pourrez b\u00e9n\u00e9ficier d\u2019un ext\u00e9rieur spacieux, avec terrasse et jardin, dans un environnement calme et authentique.<\/p>\n","protected":false},"author":1,"featured_media":794,"parent":42,"menu_order":2,"comment_status":"closed","ping_status":"closed","template":"template-wide-page.php","meta":{"footnotes":""},"class_list":["post-602","page","type-page","status-publish","has-post-thumbnail","hentry"],"yoast_head":"<!-- This site is optimized with the Yoast SEO plugin v27.5 - https:\/\/yoast.com\/product\/yoast-seo-wordpress\/ -->\n<title>La maison - Papenoo<\/title>\n<meta name=\"robots\" content=\"index, follow, max-snippet:-1, max-image-preview:large, max-video-preview:-1\" \/>\n<link rel=\"canonical\" href=\"https:\/\/papenoo.fr\/?page_id=602\" \/>\n<meta property=\"og:locale\" content=\"fr_FR\" \/>\n<meta property=\"og:type\" content=\"article\" \/>\n<meta property=\"og:title\" content=\"La maison - Papenoo\" \/>\n<meta property=\"og:description\" content=\"Ce cottage vous permet de partager un moment convivial \u00e0 l\u2019occasion de vos vacances \u00e0 Barneville-Carteret. Cette location de vacances, totalement ind\u00e9pendante, am\u00e9nag\u00e9e, meubl\u00e9e et \u00e9quip\u00e9e de sorte \u00e0 vous sentir comme chez vous. Vous y trouverez cuisine, salon, salle \u00e0 manger, chambres\u2026 Situ\u00e9e \u00e0 Barneville plage, station baln\u00e9aire, vous pourrez b\u00e9n\u00e9ficier d\u2019un ext\u00e9rieur spacieux, avec terrasse et jardin, dans un environnement calme et authentique.\" \/>\n<meta property=\"og:url\" content=\"https:\/\/papenoo.fr\/?page_id=602\" \/>\n<meta property=\"og:site_name\" content=\"Papenoo\" \/>\n<meta property=\"article:modified_time\" content=\"2022-12-10T19:03:30+00:00\" \/>\n<meta property=\"og:image\" content=\"https:\/\/papenoo.fr\/wp-content\/uploads\/2022\/11\/20220608_130216-modified-1-768x1024.png\" \/>\n\t<meta property=\"og:image:width\" content=\"768\" \/>\n\t<meta property=\"og:image:height\" content=\"1024\" \/>\n\t<meta property=\"og:image:type\" content=\"image\/png\" \/>\n<meta name=\"twitter:card\" content=\"summary_large_image\" \/>\n<meta name=\"twitter:label1\" content=\"Dur\u00e9e de lecture estim\u00e9e\" \/>\n\t<meta name=\"twitter:data1\" content=\"1 minute\" \/>\n<script type=\"application\/ld+json\" class=\"yoast-schema-graph\">{\"@context\":\"https:\\\/\\\/schema.org\",\"@graph\":[{\"@type\":\"WebPage\",\"@id\":\"https:\\\/\\\/papenoo.fr\\\/?page_id=602\",\"url\":\"https:\\\/\\\/papenoo.fr\\\/?page_id=602\",\"name\":\"La maison - Papenoo\",\"isPartOf\":{\"@id\":\"https:\\\/\\\/papenoo.fr\\\/#website\"},\"primaryImageOfPage\":{\"@id\":\"https:\\\/\\\/papenoo.fr\\\/?page_id=602#primaryimage\"},\"image\":{\"@id\":\"https:\\\/\\\/papenoo.fr\\\/?page_id=602#primaryimage\"},\"thumbnailUrl\":\"https:\\\/\\\/papenoo.fr\\\/wp-content\\\/uploads\\\/2022\\\/11\\\/20220608_130216-modified-1.png\",\"datePublished\":\"2018-11-13T10:12:41+00:00\",\"dateModified\":\"2022-12-10T19:03:30+00:00\",\"breadcrumb\":{\"@id\":\"https:\\\/\\\/papenoo.fr\\\/?page_id=602#breadcrumb\"},\"inLanguage\":\"fr-FR\",\"potentialAction\":[{\"@type\":\"ReadAction\",\"target\":[\"https:\\\/\\\/papenoo.fr\\\/?page_id=602\"]}]},{\"@type\":\"ImageObject\",\"inLanguage\":\"fr-FR\",\"@id\":\"https:\\\/\\\/papenoo.fr\\\/?page_id=602#primaryimage\",\"url\":\"https:\\\/\\\/papenoo.fr\\\/wp-content\\\/uploads\\\/2022\\\/11\\\/20220608_130216-modified-1.png\",\"contentUrl\":\"https:\\\/\\\/papenoo.fr\\\/wp-content\\\/uploads\\\/2022\\\/11\\\/20220608_130216-modified-1.png\",\"width\":3468,\"height\":4624},{\"@type\":\"BreadcrumbList\",\"@id\":\"https:\\\/\\\/papenoo.fr\\\/?page_id=602#breadcrumb\",\"itemListElement\":[{\"@type\":\"ListItem\",\"position\":1,\"name\":\"Accueil\",\"item\":\"https:\\\/\\\/papenoo.fr\\\/\"},{\"@type\":\"ListItem\",\"position\":2,\"name\":\"Bienvenue dans votre maison de vacances \u00e0 Barneville-Carteret\",\"item\":\"https:\\\/\\\/papenoo.fr\\\/\"},{\"@type\":\"ListItem\",\"position\":3,\"name\":\"La maison\"}]},{\"@type\":\"WebSite\",\"@id\":\"https:\\\/\\\/papenoo.fr\\\/#website\",\"url\":\"https:\\\/\\\/papenoo.fr\\\/\",\"name\":\"Papenoo\",\"description\":\"A vous d&#039;imaginer vos vacances\",\"publisher\":{\"@id\":\"https:\\\/\\\/papenoo.fr\\\/#organization\"},\"potentialAction\":[{\"@type\":\"SearchAction\",\"target\":{\"@type\":\"EntryPoint\",\"urlTemplate\":\"https:\\\/\\\/papenoo.fr\\\/?s={search_term_string}\"},\"query-input\":{\"@type\":\"PropertyValueSpecification\",\"valueRequired\":true,\"valueName\":\"search_term_string\"}}],\"inLanguage\":\"fr-FR\"},{\"@type\":\"Organization\",\"@id\":\"https:\\\/\\\/papenoo.fr\\\/#organization\",\"name\":\"Papenoo\",\"url\":\"https:\\\/\\\/papenoo.fr\\\/\",\"logo\":{\"@type\":\"ImageObject\",\"inLanguage\":\"fr-FR\",\"@id\":\"https:\\\/\\\/papenoo.fr\\\/#\\\/schema\\\/logo\\\/image\\\/\",\"url\":\"https:\\\/\\\/papenoo.fr\\\/wp-content\\\/uploads\\\/2022\\\/11\\\/telecharger.png\",\"contentUrl\":\"https:\\\/\\\/papenoo.fr\\\/wp-content\\\/uploads\\\/2022\\\/11\\\/telecharger.png\",\"width\":225,\"height\":225,\"caption\":\"Papenoo\"},\"image\":{\"@id\":\"https:\\\/\\\/papenoo.fr\\\/#\\\/schema\\\/logo\\\/image\\\/\"}}]}<\/script>\n<!-- \/ Yoast SEO plugin. -->","yoast_head_json":{"title":"La maison - Papenoo","robots":{"index":"index","follow":"follow","max-snippet":"max-snippet:-1","max-image-preview":"max-image-preview:large","max-video-preview":"max-video-preview:-1"},"canonical":"https:\/\/papenoo.fr\/?page_id=602","og_locale":"fr_FR","og_type":"article","og_title":"La maison - Papenoo","og_description":"Ce cottage vous permet de partager un moment convivial \u00e0 l\u2019occasion de vos vacances \u00e0 Barneville-Carteret. Cette location de vacances, totalement ind\u00e9pendante, am\u00e9nag\u00e9e, meubl\u00e9e et \u00e9quip\u00e9e de sorte \u00e0 vous sentir comme chez vous. Vous y trouverez cuisine, salon, salle \u00e0 manger, chambres\u2026 Situ\u00e9e \u00e0 Barneville plage, station baln\u00e9aire, vous pourrez b\u00e9n\u00e9ficier d\u2019un ext\u00e9rieur spacieux, avec terrasse et jardin, dans un environnement calme et authentique.","og_url":"https:\/\/papenoo.fr\/?page_id=602","og_site_name":"Papenoo","article_modified_time":"2022-12-10T19:03:30+00:00","og_image":[{"width":768,"height":1024,"url":"https:\/\/papenoo.fr\/wp-content\/uploads\/2022\/11\/20220608_130216-modified-1-768x1024.png","type":"image\/png"}],"twitter_card":"summary_large_image","twitter_misc":{"Dur\u00e9e de lecture estim\u00e9e":"1 minute"},"schema":{"@context":"https:\/\/schema.org","@graph":[{"@type":"WebPage","@id":"https:\/\/papenoo.fr\/?page_id=602","url":"https:\/\/papenoo.fr\/?page_id=602","name":"La maison - Papenoo","isPartOf":{"@id":"https:\/\/papenoo.fr\/#website"},"primaryImageOfPage":{"@id":"https:\/\/papenoo.fr\/?page_id=602#primaryimage"},"image":{"@id":"https:\/\/papenoo.fr\/?page_id=602#primaryimage"},"thumbnailUrl":"https:\/\/papenoo.fr\/wp-content\/uploads\/2022\/11\/20220608_130216-modified-1.png","datePublished":"2018-11-13T10:12:41+00:00","dateModified":"2022-12-10T19:03:30+00:00","breadcrumb":{"@id":"https:\/\/papenoo.fr\/?page_id=602#breadcrumb"},"inLanguage":"fr-FR","potentialAction":[{"@type":"ReadAction","target":["https:\/\/papenoo.fr\/?page_id=602"]}]},{"@type":"ImageObject","inLanguage":"fr-FR","@id":"https:\/\/papenoo.fr\/?page_id=602#primaryimage","url":"https:\/\/papenoo.fr\/wp-content\/uploads\/2022\/11\/20220608_130216-modified-1.png","contentUrl":"https:\/\/papenoo.fr\/wp-content\/uploads\/2022\/11\/20220608_130216-modified-1.png","width":3468,"height":4624},{"@type":"BreadcrumbList","@id":"https:\/\/papenoo.fr\/?page_id=602#breadcrumb","itemListElement":[{"@type":"ListItem","position":1,"name":"Accueil","item":"https:\/\/papenoo.fr\/"},{"@type":"ListItem","position":2,"name":"Bienvenue dans votre maison de vacances \u00e0 Barneville-Carteret","item":"https:\/\/papenoo.fr\/"},{"@type":"ListItem","position":3,"name":"La maison"}]},{"@type":"WebSite","@id":"https:\/\/papenoo.fr\/#website","url":"https:\/\/papenoo.fr\/","name":"Papenoo","description":"A vous d&#039;imaginer vos vacances","publisher":{"@id":"https:\/\/papenoo.fr\/#organization"},"potentialAction":[{"@type":"SearchAction","target":{"@type":"EntryPoint","urlTemplate":"https:\/\/papenoo.fr\/?s={search_term_string}"},"query-input":{"@type":"PropertyValueSpecification","valueRequired":true,"valueName":"search_term_string"}}],"inLanguage":"fr-FR"},{"@type":"Organization","@id":"https:\/\/papenoo.fr\/#organization","name":"Papenoo","url":"https:\/\/papenoo.fr\/","logo":{"@type":"ImageObject","inLanguage":"fr-FR","@id":"https:\/\/papenoo.fr\/#\/schema\/logo\/image\/","url":"https:\/\/papenoo.fr\/wp-content\/uploads\/2022\/11\/telecharger.png","contentUrl":"https:\/\/papenoo.fr\/wp-content\/uploads\/2022\/11\/telecharger.png","width":225,"height":225,"caption":"Papenoo"},"image":{"@id":"https:\/\/papenoo.fr\/#\/schema\/logo\/image\/"}}]}},"_links":{"self":[{"href":"https:\/\/papenoo.fr\/index.php?rest_route=\/wp\/v2\/pages\/602","targetHints":{"allow":["GET"]}}],"collection":[{"href":"https:\/\/papenoo.fr\/index.php?rest_route=\/wp\/v2\/pages"}],"about":[{"href":"https:\/\/papenoo.fr\/index.php?rest_route=\/wp\/v2\/types\/page"}],"author":[{"embeddable":true,"href":"https:\/\/papenoo.fr\/index.php?rest_route=\/wp\/v2\/users\/1"}],"replies":[{"embeddable":true,"href":"https:\/\/papenoo.fr\/index.php?rest_route=%2Fwp%2Fv2%2Fcomments&post=602"}],"version-history":[{"count":28,"href":"https:\/\/papenoo.fr\/index.php?rest_route=\/wp\/v2\/pages\/602\/revisions"}],"predecessor-version":[{"id":1118,"href":"https:\/\/papenoo.fr\/index.php?rest_route=\/wp\/v2\/pages\/602\/revisions\/1118"}],"up":[{"embeddable":true,"href":"https:\/\/papenoo.fr\/index.php?rest_route=\/wp\/v2\/pages\/42"}],"wp:featuredmedia":[{"embeddable":true,"href":"https:\/\/papenoo.fr\/index.php?rest_route=\/wp\/v2\/media\/794"}],"wp:attachment":[{"href":"https:\/\/papenoo.fr\/index.php?rest_route=%2Fwp%2Fv2%2Fmedia&parent=602"}],"curies":[{"name":"wp","href":"https:\/\/api.w.org\/{rel}","templated":true}]}}