{"id":166,"date":"2018-11-13T16:35:09","date_gmt":"2018-11-13T15:35:09","guid":{"rendered":"https:\/\/themes.getmotopress.com\/palmeria\/?page_id=166"},"modified":"2024-05-12T12:02:19","modified_gmt":"2024-05-12T10:02:19","slug":"contact-us","status":"publish","type":"page","link":"https:\/\/papenoo.fr\/?page_id=166","title":{"rendered":"Contactez nous"},"content":{"rendered":"<p><meta name=\"description\" content=\"Page de contact qui contient le num\u00e9ro de t\u00e9l\u00e9phone et l'adresse mail ou couriel\"><\/p>\n\n\n<div class=\"wp-block-columns has-2-columns is-layout-flex wp-container-core-columns-is-layout-9d6595d7 wp-block-columns-is-layout-flex\">\n<div class=\"wp-block-column is-layout-flow wp-block-column-is-layout-flow\">\n<h3 class=\"wp-block-heading\">T\u00e9l\u00e9phone<\/h3>\n\n\n\n<p><strong>Fixe : +33 233523062<\/strong><\/p>\n\n\n\n<p><strong>Portable : +33 688792955<\/strong><\/p>\n<\/div>\n\n\n\n<div class=\"wp-block-column is-layout-flow wp-block-column-is-layout-flow\">\n<h3 class=\"wp-block-heading\">Laissez nous un message<\/h3>\n<\/div>\n<\/div>\n\n\n\n<div class=\"wp-block-contact-form-7-contact-form-selector\">\n<div class=\"wpcf7 no-js\" id=\"wpcf7-f1214-o1\" lang=\"fr-FR\" dir=\"ltr\" data-wpcf7-id=\"1214\">\n<div class=\"screen-reader-response\"><p role=\"status\" aria-live=\"polite\" aria-atomic=\"true\"><\/p> <ul><\/ul><\/div>\n<form action=\"\/index.php?rest_route=%2Fwp%2Fv2%2Fpages%2F166#wpcf7-f1214-o1\" method=\"post\" class=\"wpcf7-form init\" aria-label=\"Formulaire de contact\" novalidate=\"novalidate\" data-status=\"init\">\n<fieldset class=\"hidden-fields-container\"><input type=\"hidden\" name=\"_wpcf7\" value=\"1214\" \/><input type=\"hidden\" name=\"_wpcf7_version\" value=\"6.1.5\" \/><input type=\"hidden\" name=\"_wpcf7_locale\" value=\"fr_FR\" \/><input type=\"hidden\" name=\"_wpcf7_unit_tag\" value=\"wpcf7-f1214-o1\" \/><input type=\"hidden\" name=\"_wpcf7_container_post\" value=\"0\" \/><input type=\"hidden\" name=\"_wpcf7_posted_data_hash\" value=\"\" \/>\n<\/fieldset>\n<p><label> Votre nom<br \/>\n<span class=\"wpcf7-form-control-wrap\" data-name=\"your-name\"><input size=\"40\" maxlength=\"400\" class=\"wpcf7-form-control wpcf7-text wpcf7-validates-as-required\" autocomplete=\"name\" aria-required=\"true\" aria-invalid=\"false\" value=\"\" type=\"text\" name=\"your-name\" \/><\/span> <\/label>\n<\/p>\n<p><label> Votre e-mail<br \/>\n<span class=\"wpcf7-form-control-wrap\" data-name=\"your-email\"><input size=\"40\" maxlength=\"400\" class=\"wpcf7-form-control wpcf7-email wpcf7-validates-as-required wpcf7-text wpcf7-validates-as-email\" autocomplete=\"email\" aria-required=\"true\" aria-invalid=\"false\" value=\"\" type=\"email\" name=\"your-email\" \/><\/span> <\/label>\n<\/p>\n<p><label> Objet<br \/>\n<span class=\"wpcf7-form-control-wrap\" data-name=\"your-subject\"><input size=\"40\" maxlength=\"400\" class=\"wpcf7-form-control wpcf7-text wpcf7-validates-as-required\" aria-required=\"true\" aria-invalid=\"false\" value=\"\" type=\"text\" name=\"your-subject\" \/><\/span> <\/label>\n<\/p>\n<p><label> Votre message (facultatif)<br \/>\n<span class=\"wpcf7-form-control-wrap\" data-name=\"your-message\"><textarea cols=\"40\" rows=\"10\" maxlength=\"2000\" class=\"wpcf7-form-control wpcf7-textarea\" aria-invalid=\"false\" name=\"your-message\"><\/textarea><\/span> <\/label>\n<\/p>\n<p><input class=\"wpcf7-form-control wpcf7-submit has-spinner\" type=\"submit\" value=\"Envoyer\" \/>\n<\/p>\n<p>Ce formulaire utilise Akismet pour r\u00e9duire le courrier ind\u00e9sirable. <a target=\"_blank\" rel=\"nofollow noopener\" href=\"https:\/\/akismet.com\/privacy\/\">D\u00e9couvrez comment vos donn\u00e9es sont trait\u00e9es.<\/a>\n<\/p><div class=\"wpcf7-response-output\" aria-hidden=\"true\"><\/div>\n<\/form>\n<\/div>\n<\/div>\n","protected":false},"excerpt":{"rendered":"<p>T\u00e9l\u00e9phone Fixe : +33 233523062 Portable : +33 688792955 Laissez nous un message<\/p>\n","protected":false},"author":1,"featured_media":717,"parent":42,"menu_order":4,"comment_status":"closed","ping_status":"closed","template":"template-wide-page.php","meta":{"footnotes":""},"class_list":["post-166","page","type-page","status-publish","has-post-thumbnail","hentry"],"yoast_head":"<!-- This site is optimized with the Yoast SEO plugin v27.5 - https:\/\/yoast.com\/product\/yoast-seo-wordpress\/ -->\n<title>Contactez nous - Papenoo<\/title>\n<meta name=\"robots\" content=\"index, follow, max-snippet:-1, max-image-preview:large, max-video-preview:-1\" \/>\n<link rel=\"canonical\" href=\"https:\/\/papenoo.fr\/?page_id=166\" \/>\n<meta property=\"og:locale\" content=\"fr_FR\" \/>\n<meta property=\"og:type\" content=\"article\" \/>\n<meta property=\"og:title\" content=\"Contactez nous - Papenoo\" \/>\n<meta property=\"og:description\" content=\"T\u00e9l\u00e9phone Fixe : +33 233523062 Portable : +33 688792955 Laissez nous un message\" \/>\n<meta property=\"og:url\" content=\"https:\/\/papenoo.fr\/?page_id=166\" \/>\n<meta property=\"og:site_name\" content=\"Papenoo\" \/>\n<meta property=\"article:modified_time\" content=\"2024-05-12T10:02:19+00:00\" \/>\n<meta property=\"og:image\" content=\"https:\/\/papenoo.fr\/wp-content\/uploads\/2022\/11\/960x614_illustration-smartphone.webp\" \/>\n\t<meta property=\"og:image:width\" content=\"960\" \/>\n\t<meta property=\"og:image:height\" content=\"614\" \/>\n\t<meta property=\"og:image:type\" content=\"image\/webp\" \/>\n<meta name=\"twitter:card\" content=\"summary_large_image\" \/>\n<meta name=\"twitter:label1\" content=\"Dur\u00e9e de lecture estim\u00e9e\" \/>\n\t<meta name=\"twitter:data1\" content=\"1 minute\" \/>\n<script type=\"application\/ld+json\" class=\"yoast-schema-graph\">{\"@context\":\"https:\\\/\\\/schema.org\",\"@graph\":[{\"@type\":\"WebPage\",\"@id\":\"https:\\\/\\\/papenoo.fr\\\/?page_id=166\",\"url\":\"https:\\\/\\\/papenoo.fr\\\/?page_id=166\",\"name\":\"Contactez nous - Papenoo\",\"isPartOf\":{\"@id\":\"https:\\\/\\\/papenoo.fr\\\/#website\"},\"primaryImageOfPage\":{\"@id\":\"https:\\\/\\\/papenoo.fr\\\/?page_id=166#primaryimage\"},\"image\":{\"@id\":\"https:\\\/\\\/papenoo.fr\\\/?page_id=166#primaryimage\"},\"thumbnailUrl\":\"https:\\\/\\\/papenoo.fr\\\/wp-content\\\/uploads\\\/2022\\\/11\\\/960x614_illustration-smartphone.webp\",\"datePublished\":\"2018-11-13T15:35:09+00:00\",\"dateModified\":\"2024-05-12T10:02:19+00:00\",\"breadcrumb\":{\"@id\":\"https:\\\/\\\/papenoo.fr\\\/?page_id=166#breadcrumb\"},\"inLanguage\":\"fr-FR\",\"potentialAction\":[{\"@type\":\"ReadAction\",\"target\":[\"https:\\\/\\\/papenoo.fr\\\/?page_id=166\"]}]},{\"@type\":\"ImageObject\",\"inLanguage\":\"fr-FR\",\"@id\":\"https:\\\/\\\/papenoo.fr\\\/?page_id=166#primaryimage\",\"url\":\"https:\\\/\\\/papenoo.fr\\\/wp-content\\\/uploads\\\/2022\\\/11\\\/960x614_illustration-smartphone.webp\",\"contentUrl\":\"https:\\\/\\\/papenoo.fr\\\/wp-content\\\/uploads\\\/2022\\\/11\\\/960x614_illustration-smartphone.webp\",\"width\":960,\"height\":614},{\"@type\":\"BreadcrumbList\",\"@id\":\"https:\\\/\\\/papenoo.fr\\\/?page_id=166#breadcrumb\",\"itemListElement\":[{\"@type\":\"ListItem\",\"position\":1,\"name\":\"Accueil\",\"item\":\"https:\\\/\\\/papenoo.fr\\\/\"},{\"@type\":\"ListItem\",\"position\":2,\"name\":\"Bienvenue dans votre maison de vacances \u00e0 Barneville-Carteret\",\"item\":\"https:\\\/\\\/papenoo.fr\\\/\"},{\"@type\":\"ListItem\",\"position\":3,\"name\":\"Contactez nous\"}]},{\"@type\":\"WebSite\",\"@id\":\"https:\\\/\\\/papenoo.fr\\\/#website\",\"url\":\"https:\\\/\\\/papenoo.fr\\\/\",\"name\":\"Papenoo\",\"description\":\"A vous d&#039;imaginer vos vacances\",\"publisher\":{\"@id\":\"https:\\\/\\\/papenoo.fr\\\/#organization\"},\"potentialAction\":[{\"@type\":\"SearchAction\",\"target\":{\"@type\":\"EntryPoint\",\"urlTemplate\":\"https:\\\/\\\/papenoo.fr\\\/?s={search_term_string}\"},\"query-input\":{\"@type\":\"PropertyValueSpecification\",\"valueRequired\":true,\"valueName\":\"search_term_string\"}}],\"inLanguage\":\"fr-FR\"},{\"@type\":\"Organization\",\"@id\":\"https:\\\/\\\/papenoo.fr\\\/#organization\",\"name\":\"Papenoo\",\"url\":\"https:\\\/\\\/papenoo.fr\\\/\",\"logo\":{\"@type\":\"ImageObject\",\"inLanguage\":\"fr-FR\",\"@id\":\"https:\\\/\\\/papenoo.fr\\\/#\\\/schema\\\/logo\\\/image\\\/\",\"url\":\"https:\\\/\\\/papenoo.fr\\\/wp-content\\\/uploads\\\/2022\\\/11\\\/telecharger.png\",\"contentUrl\":\"https:\\\/\\\/papenoo.fr\\\/wp-content\\\/uploads\\\/2022\\\/11\\\/telecharger.png\",\"width\":225,\"height\":225,\"caption\":\"Papenoo\"},\"image\":{\"@id\":\"https:\\\/\\\/papenoo.fr\\\/#\\\/schema\\\/logo\\\/image\\\/\"}}]}<\/script>\n<!-- \/ Yoast SEO plugin. -->","yoast_head_json":{"title":"Contactez nous - Papenoo","robots":{"index":"index","follow":"follow","max-snippet":"max-snippet:-1","max-image-preview":"max-image-preview:large","max-video-preview":"max-video-preview:-1"},"canonical":"https:\/\/papenoo.fr\/?page_id=166","og_locale":"fr_FR","og_type":"article","og_title":"Contactez nous - Papenoo","og_description":"T\u00e9l\u00e9phone Fixe : +33 233523062 Portable : +33 688792955 Laissez nous un message","og_url":"https:\/\/papenoo.fr\/?page_id=166","og_site_name":"Papenoo","article_modified_time":"2024-05-12T10:02:19+00:00","og_image":[{"width":960,"height":614,"url":"https:\/\/papenoo.fr\/wp-content\/uploads\/2022\/11\/960x614_illustration-smartphone.webp","type":"image\/webp"}],"twitter_card":"summary_large_image","twitter_misc":{"Dur\u00e9e de lecture estim\u00e9e":"1 minute"},"schema":{"@context":"https:\/\/schema.org","@graph":[{"@type":"WebPage","@id":"https:\/\/papenoo.fr\/?page_id=166","url":"https:\/\/papenoo.fr\/?page_id=166","name":"Contactez nous - Papenoo","isPartOf":{"@id":"https:\/\/papenoo.fr\/#website"},"primaryImageOfPage":{"@id":"https:\/\/papenoo.fr\/?page_id=166#primaryimage"},"image":{"@id":"https:\/\/papenoo.fr\/?page_id=166#primaryimage"},"thumbnailUrl":"https:\/\/papenoo.fr\/wp-content\/uploads\/2022\/11\/960x614_illustration-smartphone.webp","datePublished":"2018-11-13T15:35:09+00:00","dateModified":"2024-05-12T10:02:19+00:00","breadcrumb":{"@id":"https:\/\/papenoo.fr\/?page_id=166#breadcrumb"},"inLanguage":"fr-FR","potentialAction":[{"@type":"ReadAction","target":["https:\/\/papenoo.fr\/?page_id=166"]}]},{"@type":"ImageObject","inLanguage":"fr-FR","@id":"https:\/\/papenoo.fr\/?page_id=166#primaryimage","url":"https:\/\/papenoo.fr\/wp-content\/uploads\/2022\/11\/960x614_illustration-smartphone.webp","contentUrl":"https:\/\/papenoo.fr\/wp-content\/uploads\/2022\/11\/960x614_illustration-smartphone.webp","width":960,"height":614},{"@type":"BreadcrumbList","@id":"https:\/\/papenoo.fr\/?page_id=166#breadcrumb","itemListElement":[{"@type":"ListItem","position":1,"name":"Accueil","item":"https:\/\/papenoo.fr\/"},{"@type":"ListItem","position":2,"name":"Bienvenue dans votre maison de vacances \u00e0 Barneville-Carteret","item":"https:\/\/papenoo.fr\/"},{"@type":"ListItem","position":3,"name":"Contactez nous"}]},{"@type":"WebSite","@id":"https:\/\/papenoo.fr\/#website","url":"https:\/\/papenoo.fr\/","name":"Papenoo","description":"A vous d&#039;imaginer vos vacances","publisher":{"@id":"https:\/\/papenoo.fr\/#organization"},"potentialAction":[{"@type":"SearchAction","target":{"@type":"EntryPoint","urlTemplate":"https:\/\/papenoo.fr\/?s={search_term_string}"},"query-input":{"@type":"PropertyValueSpecification","valueRequired":true,"valueName":"search_term_string"}}],"inLanguage":"fr-FR"},{"@type":"Organization","@id":"https:\/\/papenoo.fr\/#organization","name":"Papenoo","url":"https:\/\/papenoo.fr\/","logo":{"@type":"ImageObject","inLanguage":"fr-FR","@id":"https:\/\/papenoo.fr\/#\/schema\/logo\/image\/","url":"https:\/\/papenoo.fr\/wp-content\/uploads\/2022\/11\/telecharger.png","contentUrl":"https:\/\/papenoo.fr\/wp-content\/uploads\/2022\/11\/telecharger.png","width":225,"height":225,"caption":"Papenoo"},"image":{"@id":"https:\/\/papenoo.fr\/#\/schema\/logo\/image\/"}}]}},"_links":{"self":[{"href":"https:\/\/papenoo.fr\/index.php?rest_route=\/wp\/v2\/pages\/166","targetHints":{"allow":["GET"]}}],"collection":[{"href":"https:\/\/papenoo.fr\/index.php?rest_route=\/wp\/v2\/pages"}],"about":[{"href":"https:\/\/papenoo.fr\/index.php?rest_route=\/wp\/v2\/types\/page"}],"author":[{"embeddable":true,"href":"https:\/\/papenoo.fr\/index.php?rest_route=\/wp\/v2\/users\/1"}],"replies":[{"embeddable":true,"href":"https:\/\/papenoo.fr\/index.php?rest_route=%2Fwp%2Fv2%2Fcomments&post=166"}],"version-history":[{"count":15,"href":"https:\/\/papenoo.fr\/index.php?rest_route=\/wp\/v2\/pages\/166\/revisions"}],"predecessor-version":[{"id":1215,"href":"https:\/\/papenoo.fr\/index.php?rest_route=\/wp\/v2\/pages\/166\/revisions\/1215"}],"up":[{"embeddable":true,"href":"https:\/\/papenoo.fr\/index.php?rest_route=\/wp\/v2\/pages\/42"}],"wp:featuredmedia":[{"embeddable":true,"href":"https:\/\/papenoo.fr\/index.php?rest_route=\/wp\/v2\/media\/717"}],"wp:attachment":[{"href":"https:\/\/papenoo.fr\/index.php?rest_route=%2Fwp%2Fv2%2Fmedia&parent=166"}],"curies":[{"name":"wp","href":"https:\/\/api.w.org\/{rel}","templated":true}]}}