{"id":132,"date":"2018-11-13T14:45:20","date_gmt":"2018-11-13T13:45:20","guid":{"rendered":"https:\/\/themes.getmotopress.com\/palmeria\/?page_id=132"},"modified":"2023-03-22T12:07:45","modified_gmt":"2023-03-22T11:07:45","slug":"our-restaurant","status":"publish","type":"page","link":"https:\/\/papenoo.fr\/?page_id=132","title":{"rendered":"Les restaurants \u00e0 proximit\u00e9"},"content":{"rendered":"\n<p class=\"has-text-align-center\"><br><\/p>\n\n\n\n<div class=\"wp-block-media-text alignwide is-stacked-on-mobile\"><figure class=\"wp-block-media-text__media\"><a href=\"https:\/\/www.google.fr\/search?sa=X&amp;hl=fr&amp;tbs=lf:1,lf_ui:9&amp;tbm=lcl&amp;sxsrf=ALiCzsZck_ARL3geLfGnFcsj3_RAw8KgBA:1668451204093&amp;q=restaurant+carteret&amp;rflfq=1&amp;num=10&amp;ved=2ahUKEwja7-CKqa77AhUcRPEDHR6ZAD4QjGp6BAgXEAI&amp;biw=1920&amp;bih=937&amp;dpr=1#rlfi=hd:;si:;mv:[[49.385718399999995,-1.7490458],[49.3656425,-1.7980912999999998]];tbs:lrf:!1m4!1u3!2m2!3m1!1e1!1m4!1u5!2m2!5m1!1sgcid_3french_1restaurant!1m4!1u5!2m2!5m1!1sgcid_3seafood_1restaurant!1m4!1u2!2m2!2m1!1e1!2m1!1e2!2m1!1e5!2m1!1e3!3sIAEqAkZS,lf:1,lf_ui:9\" target=\"_blank\" rel=\"noreferrer noopener\"><img loading=\"lazy\" decoding=\"async\" width=\"1024\" height=\"683\" src=\"https:\/\/papenoo.fr\/wp-content\/uploads\/2018\/11\/italian_kitchen-1024x683.jpg\" alt=\"\" class=\"wp-image-189 size-full\" srcset=\"https:\/\/papenoo.fr\/wp-content\/uploads\/2018\/11\/italian_kitchen-1024x683.jpg 1024w, https:\/\/papenoo.fr\/wp-content\/uploads\/2018\/11\/italian_kitchen-300x200.jpg 300w, https:\/\/papenoo.fr\/wp-content\/uploads\/2018\/11\/italian_kitchen-768x512.jpg 768w, https:\/\/papenoo.fr\/wp-content\/uploads\/2018\/11\/italian_kitchen-1536x1024.jpg 1536w, https:\/\/papenoo.fr\/wp-content\/uploads\/2018\/11\/italian_kitchen-2048x1366.jpg 2048w, https:\/\/papenoo.fr\/wp-content\/uploads\/2018\/11\/italian_kitchen-892x594.jpg 892w, https:\/\/papenoo.fr\/wp-content\/uploads\/2018\/11\/italian_kitchen-150x100.jpg 150w\" sizes=\"auto, (max-width: 1024px) 100vw, 1024px\" \/><\/a><\/figure><div class=\"wp-block-media-text__content\">\n<p>La pluspart des restaurants se situent \u00e0 Carteret.<\/p>\n\n\n\n<p>Vous trouverez la liste en cliquant sur l&rsquo;image, n\u00e9anmoins nous vous recommandons ceux ci-dessous.<\/p>\n<\/div><\/div>\n\n\n\n<div style=\"height:45px\" aria-hidden=\"true\" class=\"wp-block-spacer\"><\/div>\n\n\n\n<div class=\"wp-block-media-text alignwide has-media-on-the-right is-stacked-on-mobile\"><div class=\"wp-block-media-text__content\">\n<h2 class=\"wp-block-heading\">La Potini\u00e9re<\/h2>\n\n\n\n<p>Un restaurant avec&nbsp;<em>vue sur la mer<\/em>, une terrasse avec&nbsp;<strong>acc\u00e8s direct sur la plage<\/strong>&nbsp;de sable fin et un bar louange pour vos soir\u00e9es d\u2019\u00e9t\u00e9 : \u00c0 La Potini\u00e8re, le coeur est \u00e0 la f\u00eate !<\/p>\n\n\n\n<p>Situ\u00e9e dans un site exceptionnel,<strong>&nbsp;face \u00e0 la plage<\/strong>, elle est abrit\u00e9e par le Cap de Carteret. A l\u2019instar de l\u2019Etablissement de bains de mer, cr\u00e9\u00e9 en 1910. La Potini\u00e8re reste un endroit o\u00f9 les vacanciers peuvent se reposer et prendre des boissons sur la grande terrasse.&nbsp;&nbsp;<\/p>\n\n\n\n<div class=\"wp-block-buttons is-layout-flex wp-block-buttons-is-layout-flex\">\n<div class=\"wp-block-button\"><a class=\"wp-block-button__link wp-element-button\" href=\"https:\/\/la-potiniere-carteret.com\/\" target=\"_blank\" rel=\"noreferrer noopener\">Le menu<\/a><\/div>\n<\/div>\n<\/div><figure class=\"wp-block-media-text__media\"><a href=\"https:\/\/www.google.fr\/search?tbs=lf:1,lf_ui:9&amp;tbm=lcl&amp;q=restaurant+carteret&amp;rflfq=1&amp;num=10&amp;sa=X&amp;ved=2ahUKEwj0npq6gKf7AhWmXfEDHduwA-0QjGp6BAgUEAI&amp;biw=1920&amp;bih=937&amp;dpr=1#rlfi=hd:;si:13379659934832513911,l,ChNyZXN0YXVyYW50IGNhcnRlcmV0SLvejtP2qoCACFofEAAYASITcmVzdGF1cmFudCBjYXJ0ZXJldCoECAMQAJIBB2JyZXdlcnmaASNDaFpEU1VoTk1HOW5TMFZKUTBGblNVUjFkMDh0VldGbkVBRaoBEhABKg4iCnJlc3RhdXJhbnQoBA,y,C1ibimgjMAo;mv:[[49.382430299999996,-1.7497722],[49.3658286,-1.7980502]]\" target=\"_blank\" rel=\"noreferrer noopener\"><img loading=\"lazy\" decoding=\"async\" width=\"1024\" height=\"737\" src=\"https:\/\/papenoo.fr\/wp-content\/uploads\/2022\/11\/La-potiniere-3-1030x741-1-1024x737.jpg\" alt=\"\" class=\"wp-image-747 size-full\" srcset=\"https:\/\/papenoo.fr\/wp-content\/uploads\/2022\/11\/La-potiniere-3-1030x741-1-1024x737.jpg 1024w, https:\/\/papenoo.fr\/wp-content\/uploads\/2022\/11\/La-potiniere-3-1030x741-1-300x216.jpg 300w, https:\/\/papenoo.fr\/wp-content\/uploads\/2022\/11\/La-potiniere-3-1030x741-1-768x553.jpg 768w, https:\/\/papenoo.fr\/wp-content\/uploads\/2022\/11\/La-potiniere-3-1030x741-1-892x642.jpg 892w, https:\/\/papenoo.fr\/wp-content\/uploads\/2022\/11\/La-potiniere-3-1030x741-1.jpg 1030w\" sizes=\"auto, (max-width: 1024px) 100vw, 1024px\" \/><\/a><\/figure><\/div>\n\n\n\n<div style=\"height:29px\" aria-hidden=\"true\" class=\"wp-block-spacer\"><\/div>\n\n\n\n<div class=\"wp-block-media-text alignwide is-stacked-on-mobile\"><figure class=\"wp-block-media-text__media\"><a href=\"https:\/\/www.google.fr\/search?q=restaurant+le+cap+carteret&amp;hl=fr&amp;biw=1920&amp;bih=937&amp;tbm=lcl&amp;ei=cI1uY421ONGBxc8PvvK9iA4&amp;ved=0ahUKEwiNreGt2qb7AhXRQPEDHT55D-EQ4dUDCAk&amp;uact=5&amp;oq=restaurant+le+cap+carteret&amp;gs_lcp=Cg1nd3Mtd2l6LWxvY2FsEAMyBQgAEIAEMgUIABCABDIECAAQHjIGCAAQBRAeOgQIABBDOgYIABAHEB46BggAEAgQHjoHCAAQgAQQDToGCAAQHhANOggIABAIEAcQHlD1CFiVImDOJWgAcAB4AIABe4gBigqSAQQxLjExmAEAoAEBwAEB&amp;sclient=gws-wiz-local#rlfi=hd:;si:5695181088146137579,l,ChpyZXN0YXVyYW50IGxlIGNhcCBjYXJ0ZXJldEiT0bKk-5WAgAhaNBAAEAEQAhgAGAEYAhgDIhpyZXN0YXVyYW50IGxlIGNhcCBjYXJ0ZXJldCoICAIQABABEAKSARFmcmVuY2hfcmVzdGF1cmFudA,y,p55XGWnQDHI;mv:[[49.37301837731903,-1.7900538940745374],[49.37265842268097,-1.790606705925462]]\" target=\"_blank\" rel=\"noreferrer noopener\"><img loading=\"lazy\" decoding=\"async\" width=\"550\" height=\"412\" src=\"https:\/\/papenoo.fr\/wp-content\/uploads\/2022\/11\/le-cap.jpg\" alt=\"\" class=\"wp-image-721 size-full\" srcset=\"https:\/\/papenoo.fr\/wp-content\/uploads\/2022\/11\/le-cap.jpg 550w, https:\/\/papenoo.fr\/wp-content\/uploads\/2022\/11\/le-cap-300x225.jpg 300w\" sizes=\"auto, (max-width: 550px) 100vw, 550px\" \/><\/a><\/figure><div class=\"wp-block-media-text__content\">\n<h2 class=\"wp-block-heading\">Le Cap<\/h2>\n\n\n\n<p>Ce restaurant d&rsquo;h\u00f4tel sert des plats aux saveurs de Normandie pr\u00e8s de la chemin\u00e9e ou sur une terrasse fleurie.<\/p>\n\n\n\n<div class=\"wp-block-buttons is-layout-flex wp-block-buttons-is-layout-flex\">\n<div class=\"wp-block-button has-custom-width wp-block-button__width-75 is-style-fill\"><a class=\"wp-block-button__link wp-element-button\" href=\"https:\/\/www.hotel-le-cap.fr\/fr\/restaurant-barneville-carteret\/restaurant-carteret-menu.html\" target=\"_blank\" rel=\"noreferrer noopener\">Le menu<\/a><\/div>\n<\/div>\n<\/div><\/div>\n\n\n\n<div style=\"height:30px\" aria-hidden=\"true\" class=\"wp-block-spacer\"><\/div>\n\n\n\n<div class=\"wp-block-media-text alignwide has-media-on-the-right is-stacked-on-mobile\"><div class=\"wp-block-media-text__content\">\n<h2 class=\"wp-block-heading\">Le terminus<\/h2>\n\n\n\n<p>Embarquez pour un voyage culinaire au coeur de l\u2019ancienne gare de Barneville-Carteret ! Le Terminus accuielle 10 p\u00f4les de restauration dans un lieu unique. Situ\u00e9 \u00e0 quelques m\u00e8tres de la mer, le lieu convivial, familial et festif propose une offre vari\u00e9e de cuisines du monde. Le terminus propose \u00e9galement un service de commande en ligne \u2018Click &amp; Collect\u2019 !<\/p>\n\n\n\n<div class=\"wp-block-buttons is-layout-flex wp-block-buttons-is-layout-flex\">\n<div class=\"wp-block-button\"><a class=\"wp-block-button__link wp-element-button\" href=\"https:\/\/terminus-carteret.fr\/\" target=\"_blank\" rel=\"noreferrer noopener\">Les  menus<\/a><\/div>\n<\/div>\n<\/div><figure class=\"wp-block-media-text__media\"><a href=\"https:\/\/www.google.fr\/search?tbs=lf:1,lf_ui:9&amp;tbm=lcl&amp;q=restaurant+carteret&amp;rflfq=1&amp;num=10&amp;sa=X&amp;ved=2ahUKEwj0npq6gKf7AhWmXfEDHduwA-0QjGp6BAgUEAI&amp;biw=1920&amp;bih=937&amp;dpr=1#rlfi=hd:;si:17415126995521263773,l,ChNyZXN0YXVyYW50IGNhcnRlcmV0SOHpiv_csoCACFohEAAYABgBIhNyZXN0YXVyYW50IGNhcnRlcmV0KgQIAxAAkgEKcmVzdGF1cmFudJoBJENoZERTVWhOTUc5blMwVkpRMEZuU1VOUExVcERiVGRuUlJBQqoBEhABKg4iCnJlc3RhdXJhbnQoBA,y,FkyMqLe_n5w;mv:[[49.382430299999996,-1.7497722],[49.3658286,-1.7980502]]\" target=\"_blank\" rel=\"noreferrer noopener\"><img loading=\"lazy\" decoding=\"async\" width=\"550\" height=\"265\" src=\"https:\/\/papenoo.fr\/wp-content\/uploads\/2022\/11\/facade.jpg\" alt=\"\" class=\"wp-image-737 size-full\" srcset=\"https:\/\/papenoo.fr\/wp-content\/uploads\/2022\/11\/facade.jpg 550w, https:\/\/papenoo.fr\/wp-content\/uploads\/2022\/11\/facade-300x145.jpg 300w\" sizes=\"auto, (max-width: 550px) 100vw, 550px\" \/><\/a><\/figure><\/div>\n\n\n\n<p><\/p>\n\n\n\n<div style=\"height:29px\" aria-hidden=\"true\" class=\"wp-block-spacer\"><\/div>\n\n\n\n<div class=\"wp-block-media-text alignwide is-stacked-on-mobile\"><figure class=\"wp-block-media-text__media\"><a href=\"https:\/\/www.google.fr\/search?tbs=lf:1,lf_ui:9&amp;tbm=lcl&amp;q=restaurant+carteret&amp;rflfq=1&amp;num=10&amp;sa=X&amp;ved=2ahUKEwj0npq6gKf7AhWmXfEDHduwA-0QjGp6BAgUEAI&amp;biw=1920&amp;bih=937&amp;dpr=1#rlfi=hd:;si:18093707426412950507,l,ChNyZXN0YXVyYW50IGNhcnRlcmV0SIbA87iDrYCACFohEAAYABgBIhNyZXN0YXVyYW50IGNhcnRlcmV0KgQIAxAAkgEKcmVzdGF1cmFudJoBI0NoWkRTVWhOTUc5blMwVkpRMEZuU1VSUE1XTjJSVk5SRUFFqgESEAEqDiIKcmVzdGF1cmFudCgE,y,C2kFnDOKhpk;mv:[[49.382430299999996,-1.7497722],[49.3658286,-1.7980502]]\" target=\"_blank\" rel=\"noreferrer noopener\"><img loading=\"lazy\" decoding=\"async\" width=\"1024\" height=\"683\" src=\"https:\/\/papenoo.fr\/wp-content\/uploads\/2022\/11\/IMG_8307-1030x687-1-1024x683.jpg\" alt=\"\" class=\"wp-image-744 size-full\" srcset=\"https:\/\/papenoo.fr\/wp-content\/uploads\/2022\/11\/IMG_8307-1030x687-1-1024x683.jpg 1024w, https:\/\/papenoo.fr\/wp-content\/uploads\/2022\/11\/IMG_8307-1030x687-1-300x200.jpg 300w, https:\/\/papenoo.fr\/wp-content\/uploads\/2022\/11\/IMG_8307-1030x687-1-768x512.jpg 768w, https:\/\/papenoo.fr\/wp-content\/uploads\/2022\/11\/IMG_8307-1030x687-1-892x594.jpg 892w, https:\/\/papenoo.fr\/wp-content\/uploads\/2022\/11\/IMG_8307-1030x687-1-150x100.jpg 150w, https:\/\/papenoo.fr\/wp-content\/uploads\/2022\/11\/IMG_8307-1030x687-1.jpg 1030w\" sizes=\"auto, (max-width: 1024px) 100vw, 1024px\" \/><\/a><\/figure><div class=\"wp-block-media-text__content\">\n<h2 class=\"wp-block-heading\">L&rsquo;Abri<\/h2>\n\n\n\n<p>Attention : Les chiens ne sont pas admis , m\u00eame en terasse.<\/p>\n\n\n\n<div class=\"wp-block-buttons is-layout-flex wp-block-buttons-is-layout-flex\">\n<div class=\"wp-block-button\"><a class=\"wp-block-button__link wp-element-button\" href=\"https:\/\/www.google.com\/maps\/uv?pb=!1s0x480cf53a189f011f%3A0xfb19c30a2d30f3eb!15sCgIYIQ&amp;viewerState=lb&amp;sa=X&amp;ved=2ahUKEwij_PXo-6j7AhUn_7sIHUmICTsQzeMEegQICRAA\" target=\"_blank\" rel=\"noreferrer noopener\">Menu<\/a><\/div>\n<\/div>\n<\/div><\/div>\n\n\n\n<div style=\"height:45px\" aria-hidden=\"true\" class=\"wp-block-spacer\"><\/div>\n\n\n\n<div class=\"wp-block-media-text alignwide has-media-on-the-right is-stacked-on-mobile\"><div class=\"wp-block-media-text__content\">\n<h2 class=\"wp-block-heading\">Le H\u00e9tier<\/h2>\n\n\n\n<p>Envie de cr\u00eapes, salades, pizzas ,  vous \u00eates au bon endroit.Ambiance tr\u00e8s d\u00e9contract\u00e9e o\u00f9 la patronne vous bichonnera comme un habitu\u00e9 ! La carte est simple mais c&rsquo;est bon, copieux et pas cher&#8230;donc efficace ! Attention la salle est petite mieux vaut r\u00e9server.<\/p>\n\n\n\n<div class=\"wp-block-buttons is-layout-flex wp-block-buttons-is-layout-flex\">\n<div class=\"wp-block-button\"><a class=\"wp-block-button__link wp-element-button\" href=\"https:\/\/www.google.com\/maps\/uv?pb=!1s0x480cf5aa5c3fb5b5%3A0x1025e628de0fe8e3!15sCgIYIQ&amp;viewerState=lb&amp;sa=X&amp;ved=2ahUKEwjnod-V_Kj7AhXrh_0HHV8nBKQQzeMEegQIGhAA\" target=\"_blank\" rel=\"noreferrer noopener\">Menu<\/a><\/div>\n<\/div>\n<\/div><figure class=\"wp-block-media-text__media\"><img loading=\"lazy\" decoding=\"async\" width=\"800\" height=\"600\" src=\"https:\/\/papenoo.fr\/wp-content\/uploads\/2022\/11\/Crest00012.jpg\" alt=\"\" class=\"wp-image-764 size-full\" srcset=\"https:\/\/papenoo.fr\/wp-content\/uploads\/2022\/11\/Crest00012.jpg 800w, https:\/\/papenoo.fr\/wp-content\/uploads\/2022\/11\/Crest00012-300x225.jpg 300w, https:\/\/papenoo.fr\/wp-content\/uploads\/2022\/11\/Crest00012-768x576.jpg 768w\" sizes=\"auto, (max-width: 800px) 100vw, 800px\" \/><\/figure><\/div>\n\n\n\n<div style=\"height:30px\" aria-hidden=\"true\" class=\"wp-block-spacer\"><\/div>\n\n\n\n<div class=\"wp-block-media-text alignwide is-stacked-on-mobile\"><figure class=\"wp-block-media-text__media\"><img loading=\"lazy\" decoding=\"async\" width=\"320\" height=\"231\" src=\"https:\/\/papenoo.fr\/wp-content\/uploads\/2022\/11\/thumbnail.jpg\" alt=\"\" class=\"wp-image-766 size-full\" srcset=\"https:\/\/papenoo.fr\/wp-content\/uploads\/2022\/11\/thumbnail.jpg 320w, https:\/\/papenoo.fr\/wp-content\/uploads\/2022\/11\/thumbnail-300x217.jpg 300w\" sizes=\"auto, (max-width: 320px) 100vw, 320px\" \/><\/figure><div class=\"wp-block-media-text__content\">\n<h2 class=\"wp-block-heading\">Le Russel<\/h2>\n\n\n\n<p>Sur le port de Carteret, le Russel vous accueille dans une ambiance chaleureuse, o\u00f9 vous pourrez manger \u00ab\u00a0sur le pouce\u00a0\u00bb autour d\u2019un verre de vin, ou encore d\u00e9couvrir nos plats du jour \u00e0 l\u2019ardoise. Notre espace cave \u00e0 vin vous offre une s\u00e9lection de bouteilles provenant directement des r\u00e9gions viticoles pour tous les budgets.<\/p>\n\n\n\n<div class=\"wp-block-buttons is-layout-flex wp-block-buttons-is-layout-flex\">\n<div class=\"wp-block-button\"><a class=\"wp-block-button__link wp-element-button\" href=\"https:\/\/www.google.com\/maps\/uv?pb=!1s0x480cf538cd34659d%3A0x6c26f3dad5e81bb8!15sCgIYIQ&amp;viewerState=lb&amp;sa=X&amp;ved=2ahUKEwirt_SX-6j7AhXnhf0HHWl1DH8QzeMEegQIChAA\" target=\"_blank\" rel=\"noreferrer noopener\">Le menu<\/a><\/div>\n<\/div>\n<\/div><\/div>\n","protected":false},"excerpt":{"rendered":"<p>La pluspart des restaurants se situent \u00e0 Carteret. Vous trouverez la liste en cliquant sur l&rsquo;image, n\u00e9anmoins nous vous recommandons ceux ci-dessous.<\/p>\n","protected":false},"author":1,"featured_media":960,"parent":42,"menu_order":3,"comment_status":"closed","ping_status":"closed","template":"template-wide-page.php","meta":{"footnotes":""},"class_list":["post-132","page","type-page","status-publish","has-post-thumbnail","hentry"],"yoast_head":"<!-- This site is optimized with the Yoast SEO plugin v27.5 - https:\/\/yoast.com\/product\/yoast-seo-wordpress\/ -->\n<title>Les restaurants \u00e0 proximit\u00e9 - Papenoo<\/title>\n<meta name=\"robots\" content=\"index, follow, max-snippet:-1, max-image-preview:large, max-video-preview:-1\" \/>\n<link rel=\"canonical\" href=\"https:\/\/papenoo.fr\/?page_id=132\" \/>\n<meta property=\"og:locale\" content=\"fr_FR\" \/>\n<meta property=\"og:type\" content=\"article\" \/>\n<meta property=\"og:title\" content=\"Les restaurants \u00e0 proximit\u00e9 - Papenoo\" \/>\n<meta property=\"og:description\" content=\"La pluspart des restaurants se situent \u00e0 Carteret. Vous trouverez la liste en cliquant sur l&rsquo;image, n\u00e9anmoins nous vous recommandons ceux ci-dessous.\" \/>\n<meta property=\"og:url\" content=\"https:\/\/papenoo.fr\/?page_id=132\" \/>\n<meta property=\"og:site_name\" content=\"Papenoo\" \/>\n<meta property=\"article:modified_time\" content=\"2023-03-22T11:07:45+00:00\" \/>\n<meta property=\"og:image\" content=\"https:\/\/papenoo.fr\/wp-content\/uploads\/2022\/11\/LA-Potiniere-1030x710-1.jpg\" \/>\n\t<meta property=\"og:image:width\" content=\"1030\" \/>\n\t<meta property=\"og:image:height\" content=\"710\" \/>\n\t<meta property=\"og:image:type\" content=\"image\/jpeg\" \/>\n<meta name=\"twitter:card\" content=\"summary_large_image\" \/>\n<meta name=\"twitter:label1\" content=\"Dur\u00e9e de lecture estim\u00e9e\" \/>\n\t<meta name=\"twitter:data1\" content=\"3 minutes\" \/>\n<script type=\"application\/ld+json\" class=\"yoast-schema-graph\">{\"@context\":\"https:\\\/\\\/schema.org\",\"@graph\":[{\"@type\":\"WebPage\",\"@id\":\"https:\\\/\\\/papenoo.fr\\\/?page_id=132\",\"url\":\"https:\\\/\\\/papenoo.fr\\\/?page_id=132\",\"name\":\"Les restaurants \u00e0 proximit\u00e9 - Papenoo\",\"isPartOf\":{\"@id\":\"https:\\\/\\\/papenoo.fr\\\/#website\"},\"primaryImageOfPage\":{\"@id\":\"https:\\\/\\\/papenoo.fr\\\/?page_id=132#primaryimage\"},\"image\":{\"@id\":\"https:\\\/\\\/papenoo.fr\\\/?page_id=132#primaryimage\"},\"thumbnailUrl\":\"https:\\\/\\\/papenoo.fr\\\/wp-content\\\/uploads\\\/2022\\\/11\\\/LA-Potiniere-1030x710-1.jpg\",\"datePublished\":\"2018-11-13T13:45:20+00:00\",\"dateModified\":\"2023-03-22T11:07:45+00:00\",\"breadcrumb\":{\"@id\":\"https:\\\/\\\/papenoo.fr\\\/?page_id=132#breadcrumb\"},\"inLanguage\":\"fr-FR\",\"potentialAction\":[{\"@type\":\"ReadAction\",\"target\":[\"https:\\\/\\\/papenoo.fr\\\/?page_id=132\"]}]},{\"@type\":\"ImageObject\",\"inLanguage\":\"fr-FR\",\"@id\":\"https:\\\/\\\/papenoo.fr\\\/?page_id=132#primaryimage\",\"url\":\"https:\\\/\\\/papenoo.fr\\\/wp-content\\\/uploads\\\/2022\\\/11\\\/LA-Potiniere-1030x710-1.jpg\",\"contentUrl\":\"https:\\\/\\\/papenoo.fr\\\/wp-content\\\/uploads\\\/2022\\\/11\\\/LA-Potiniere-1030x710-1.jpg\",\"width\":1030,\"height\":710},{\"@type\":\"BreadcrumbList\",\"@id\":\"https:\\\/\\\/papenoo.fr\\\/?page_id=132#breadcrumb\",\"itemListElement\":[{\"@type\":\"ListItem\",\"position\":1,\"name\":\"Accueil\",\"item\":\"https:\\\/\\\/papenoo.fr\\\/\"},{\"@type\":\"ListItem\",\"position\":2,\"name\":\"Bienvenue dans votre maison de vacances \u00e0 Barneville-Carteret\",\"item\":\"https:\\\/\\\/papenoo.fr\\\/\"},{\"@type\":\"ListItem\",\"position\":3,\"name\":\"Les restaurants \u00e0 proximit\u00e9\"}]},{\"@type\":\"WebSite\",\"@id\":\"https:\\\/\\\/papenoo.fr\\\/#website\",\"url\":\"https:\\\/\\\/papenoo.fr\\\/\",\"name\":\"Papenoo\",\"description\":\"A vous d&#039;imaginer vos vacances\",\"publisher\":{\"@id\":\"https:\\\/\\\/papenoo.fr\\\/#organization\"},\"potentialAction\":[{\"@type\":\"SearchAction\",\"target\":{\"@type\":\"EntryPoint\",\"urlTemplate\":\"https:\\\/\\\/papenoo.fr\\\/?s={search_term_string}\"},\"query-input\":{\"@type\":\"PropertyValueSpecification\",\"valueRequired\":true,\"valueName\":\"search_term_string\"}}],\"inLanguage\":\"fr-FR\"},{\"@type\":\"Organization\",\"@id\":\"https:\\\/\\\/papenoo.fr\\\/#organization\",\"name\":\"Papenoo\",\"url\":\"https:\\\/\\\/papenoo.fr\\\/\",\"logo\":{\"@type\":\"ImageObject\",\"inLanguage\":\"fr-FR\",\"@id\":\"https:\\\/\\\/papenoo.fr\\\/#\\\/schema\\\/logo\\\/image\\\/\",\"url\":\"https:\\\/\\\/papenoo.fr\\\/wp-content\\\/uploads\\\/2022\\\/11\\\/telecharger.png\",\"contentUrl\":\"https:\\\/\\\/papenoo.fr\\\/wp-content\\\/uploads\\\/2022\\\/11\\\/telecharger.png\",\"width\":225,\"height\":225,\"caption\":\"Papenoo\"},\"image\":{\"@id\":\"https:\\\/\\\/papenoo.fr\\\/#\\\/schema\\\/logo\\\/image\\\/\"}}]}<\/script>\n<!-- \/ Yoast SEO plugin. -->","yoast_head_json":{"title":"Les restaurants \u00e0 proximit\u00e9 - Papenoo","robots":{"index":"index","follow":"follow","max-snippet":"max-snippet:-1","max-image-preview":"max-image-preview:large","max-video-preview":"max-video-preview:-1"},"canonical":"https:\/\/papenoo.fr\/?page_id=132","og_locale":"fr_FR","og_type":"article","og_title":"Les restaurants \u00e0 proximit\u00e9 - Papenoo","og_description":"La pluspart des restaurants se situent \u00e0 Carteret. Vous trouverez la liste en cliquant sur l&rsquo;image, n\u00e9anmoins nous vous recommandons ceux ci-dessous.","og_url":"https:\/\/papenoo.fr\/?page_id=132","og_site_name":"Papenoo","article_modified_time":"2023-03-22T11:07:45+00:00","og_image":[{"width":1030,"height":710,"url":"https:\/\/papenoo.fr\/wp-content\/uploads\/2022\/11\/LA-Potiniere-1030x710-1.jpg","type":"image\/jpeg"}],"twitter_card":"summary_large_image","twitter_misc":{"Dur\u00e9e de lecture estim\u00e9e":"3 minutes"},"schema":{"@context":"https:\/\/schema.org","@graph":[{"@type":"WebPage","@id":"https:\/\/papenoo.fr\/?page_id=132","url":"https:\/\/papenoo.fr\/?page_id=132","name":"Les restaurants \u00e0 proximit\u00e9 - Papenoo","isPartOf":{"@id":"https:\/\/papenoo.fr\/#website"},"primaryImageOfPage":{"@id":"https:\/\/papenoo.fr\/?page_id=132#primaryimage"},"image":{"@id":"https:\/\/papenoo.fr\/?page_id=132#primaryimage"},"thumbnailUrl":"https:\/\/papenoo.fr\/wp-content\/uploads\/2022\/11\/LA-Potiniere-1030x710-1.jpg","datePublished":"2018-11-13T13:45:20+00:00","dateModified":"2023-03-22T11:07:45+00:00","breadcrumb":{"@id":"https:\/\/papenoo.fr\/?page_id=132#breadcrumb"},"inLanguage":"fr-FR","potentialAction":[{"@type":"ReadAction","target":["https:\/\/papenoo.fr\/?page_id=132"]}]},{"@type":"ImageObject","inLanguage":"fr-FR","@id":"https:\/\/papenoo.fr\/?page_id=132#primaryimage","url":"https:\/\/papenoo.fr\/wp-content\/uploads\/2022\/11\/LA-Potiniere-1030x710-1.jpg","contentUrl":"https:\/\/papenoo.fr\/wp-content\/uploads\/2022\/11\/LA-Potiniere-1030x710-1.jpg","width":1030,"height":710},{"@type":"BreadcrumbList","@id":"https:\/\/papenoo.fr\/?page_id=132#breadcrumb","itemListElement":[{"@type":"ListItem","position":1,"name":"Accueil","item":"https:\/\/papenoo.fr\/"},{"@type":"ListItem","position":2,"name":"Bienvenue dans votre maison de vacances \u00e0 Barneville-Carteret","item":"https:\/\/papenoo.fr\/"},{"@type":"ListItem","position":3,"name":"Les restaurants \u00e0 proximit\u00e9"}]},{"@type":"WebSite","@id":"https:\/\/papenoo.fr\/#website","url":"https:\/\/papenoo.fr\/","name":"Papenoo","description":"A vous d&#039;imaginer vos vacances","publisher":{"@id":"https:\/\/papenoo.fr\/#organization"},"potentialAction":[{"@type":"SearchAction","target":{"@type":"EntryPoint","urlTemplate":"https:\/\/papenoo.fr\/?s={search_term_string}"},"query-input":{"@type":"PropertyValueSpecification","valueRequired":true,"valueName":"search_term_string"}}],"inLanguage":"fr-FR"},{"@type":"Organization","@id":"https:\/\/papenoo.fr\/#organization","name":"Papenoo","url":"https:\/\/papenoo.fr\/","logo":{"@type":"ImageObject","inLanguage":"fr-FR","@id":"https:\/\/papenoo.fr\/#\/schema\/logo\/image\/","url":"https:\/\/papenoo.fr\/wp-content\/uploads\/2022\/11\/telecharger.png","contentUrl":"https:\/\/papenoo.fr\/wp-content\/uploads\/2022\/11\/telecharger.png","width":225,"height":225,"caption":"Papenoo"},"image":{"@id":"https:\/\/papenoo.fr\/#\/schema\/logo\/image\/"}}]}},"_links":{"self":[{"href":"https:\/\/papenoo.fr\/index.php?rest_route=\/wp\/v2\/pages\/132","targetHints":{"allow":["GET"]}}],"collection":[{"href":"https:\/\/papenoo.fr\/index.php?rest_route=\/wp\/v2\/pages"}],"about":[{"href":"https:\/\/papenoo.fr\/index.php?rest_route=\/wp\/v2\/types\/page"}],"author":[{"embeddable":true,"href":"https:\/\/papenoo.fr\/index.php?rest_route=\/wp\/v2\/users\/1"}],"replies":[{"embeddable":true,"href":"https:\/\/papenoo.fr\/index.php?rest_route=%2Fwp%2Fv2%2Fcomments&post=132"}],"version-history":[{"count":22,"href":"https:\/\/papenoo.fr\/index.php?rest_route=\/wp\/v2\/pages\/132\/revisions"}],"predecessor-version":[{"id":1132,"href":"https:\/\/papenoo.fr\/index.php?rest_route=\/wp\/v2\/pages\/132\/revisions\/1132"}],"up":[{"embeddable":true,"href":"https:\/\/papenoo.fr\/index.php?rest_route=\/wp\/v2\/pages\/42"}],"wp:featuredmedia":[{"embeddable":true,"href":"https:\/\/papenoo.fr\/index.php?rest_route=\/wp\/v2\/media\/960"}],"wp:attachment":[{"href":"https:\/\/papenoo.fr\/index.php?rest_route=%2Fwp%2Fv2%2Fmedia&parent=132"}],"curies":[{"name":"wp","href":"https:\/\/api.w.org\/{rel}","templated":true}]}}